{"id":1464,"date":"2023-07-17T10:24:09","date_gmt":"2023-07-17T14:24:09","guid":{"rendered":"https:\/\/campingdelete.com\/?page_id=1464"},"modified":"2026-01-22T12:21:52","modified_gmt":"2026-01-22T17:21:52","slug":"rates","status":"publish","type":"page","link":"https:\/\/campingdelete.com\/en\/rates\/","title":{"rendered":"Rates 2026"},"content":{"rendered":"<section class=\"wpb-content-wrapper\"><p>[vc_row css_animation=&#8221;&#8221; row_type=&#8221;row&#8221; use_row_as_full_screen_section=&#8221;no&#8221; type=&#8221;full_width&#8221; angled_section=&#8221;no&#8221; text_align=&#8221;left&#8221; background_image_as_pattern=&#8221;without_pattern&#8221; z_index=&#8221;&#8221; padding_top=&#8221;30&#8243; padding_bottom=&#8221;40&#8243;][vc_column][vc_column_text]<\/p>\n<h1 style=\"text-align: center;\">Rates 2026<\/h1>\n<p>[\/vc_column_text][vc_separator type=&#8221;small&#8221; position=&#8221;center&#8221;][vc_column_text]<\/p>\n<h2 style=\"text-align: center;\">Prices do not include taxes.<br \/>\nArrival time: 2 p.m.<br \/>\nDeparture time: 1 p.m.<\/h2>\n<p>[\/vc_column_text][\/vc_column][\/vc_row][vc_row css_animation=&#8221;&#8221; row_type=&#8221;row&#8221; use_row_as_full_screen_section=&#8221;no&#8221; type=&#8221;full_width&#8221; angled_section=&#8221;no&#8221; text_align=&#8221;left&#8221; background_image_as_pattern=&#8221;without_pattern&#8221; z_index=&#8221;&#8221;][vc_column width=&#8221;1\/3&#8243; css=&#8221;.vc_custom_1576679280915{border-right-width: 10px !important;border-left-width: 10px !important;padding-top: 7% !important;padding-right: 7% !important;padding-bottom: 7% !important;padding-left: 7% !important;background-color: #ffffff !important;border-left-style: solid !important;border-right-style: solid !important;}&#8221; el_class=&#8221;box-grey&#8221;][vc_column_text]<\/p>\n<h3 style=\"margin: 0px !important; text-align: center !important;\"><small>April 17 to June 14<sup><br \/>\n<\/sup>September 8 to October 18<\/small><\/h3>\n<p>[\/vc_column_text]<div class=\"qode-advanced-pricing-list\">\n\t<div class=\"qode-apl-header\">\n\t\t<div class=\"qode-apl-title-holder\">\n\t\t\t<h4 class=\"qode-apl-title\" style=\"color:#0a0a0a;text-align:center\">\n\t\t\t\tLow season\t\t\t<\/h4>\n\t\t<\/div>\n\t<\/div>\n\t<div class=\"qode-apl-items\">\n\t\t\t\t\t<div class=\"qode-apl-item\">\n\t\t\t\t<div class=\"qode-apl-item-top\">\n\t\t\t\t\t<p class=\"qode-apl-item-title\" style=\"color:#0a0a0a\">\n\t\t\t\t\t\t3 services\t\t\t\t\t<\/p>\n\t\t\t\t\t<div class=\"qode-apl-line\" style=\"border-style:dotted\"><\/div>\n\t\t\t\t\t<p class=\"qode-apl-item-price\" style=\"color:#0a0a0a\">\n\t\t\t\t\t\t$60\t\t\t\t\t<\/p>\n\t\t\t\t<\/div>\n\t\t\t\t\t\t\t<\/div>\n\t\t\t<\/div>\n<\/div>[\/vc_column][vc_column width=&#8221;1\/3&#8243; css=&#8221;.vc_custom_1576679284942{border-right-width: 10px !important;border-left-width: 10px !important;padding-top: 7% !important;padding-right: 7% !important;padding-bottom: 7% !important;padding-left: 7% !important;background-color: #ffffff !important;border-left-color: #f7f7f7 !important;border-left-style: solid !important;border-right-color: #f7f7f7 !important;border-right-style: solid !important;}&#8221; el_class=&#8221;box-grey&#8221;][vc_column_text]<\/p>\n<h3 style=\"margin: 0px !important; text-align: center !important;\"><small>June 15 to September 7<\/small><\/h3>\n<p>[\/vc_column_text]<div class=\"qode-advanced-pricing-list\">\n\t<div class=\"qode-apl-header\">\n\t\t<div class=\"qode-apl-title-holder\">\n\t\t\t<h4 class=\"qode-apl-title\" style=\"color:#0a0a0a;text-align:center\">\n\t\t\t\tHigh season\t\t\t<\/h4>\n\t\t<\/div>\n\t<\/div>\n\t<div class=\"qode-apl-items\">\n\t\t\t\t\t<div class=\"qode-apl-item\">\n\t\t\t\t<div class=\"qode-apl-item-top\">\n\t\t\t\t\t<p class=\"qode-apl-item-title\" style=\"color:#0a0a0a\">\n\t\t\t\t\t\t3 services\t\t\t\t\t<\/p>\n\t\t\t\t\t<div class=\"qode-apl-line\" style=\"border-style:dotted\"><\/div>\n\t\t\t\t\t<p class=\"qode-apl-item-price\" style=\"color:#0a0a0a\">\n\t\t\t\t\t\t$70\t\t\t\t\t<\/p>\n\t\t\t\t<\/div>\n\t\t\t\t\t\t\t<\/div>\n\t\t\t<\/div>\n<\/div>[vc_separator type=&#8221;transparent&#8221; up=&#8221;20&#8243;][vc_column_text]<\/p>\n<h3 style=\"margin: 0px !important; text-align: center !important;\"><small>May 22-23 and September 11-12<\/small><\/h3>\n<p>[\/vc_column_text]<div class=\"qode-advanced-pricing-list\">\n\t<div class=\"qode-apl-header\">\n\t\t<div class=\"qode-apl-title-holder\">\n\t\t\t<h4 class=\"qode-apl-title\" style=\"color:#0a0a0a;text-align:center\">\n\t\t\t\tPromotion 2 nights\t\t\t<\/h4>\n\t\t<\/div>\n\t<\/div>\n\t<div class=\"qode-apl-items\">\n\t\t\t\t\t<div class=\"qode-apl-item\">\n\t\t\t\t<div class=\"qode-apl-item-top\">\n\t\t\t\t\t<p class=\"qode-apl-item-title\" style=\"color:#0a0a0a\">\n\t\t\t\t\t\t3 services\t\t\t\t\t<\/p>\n\t\t\t\t\t<div class=\"qode-apl-line\" style=\"border-style:dotted\"><\/div>\n\t\t\t\t\t<p class=\"qode-apl-item-price\" style=\"color:#0a0a0a\">\n\t\t\t\t\t\t$70\t\t\t\t\t<\/p>\n\t\t\t\t<\/div>\n\t\t\t\t\t\t\t<\/div>\n\t\t\t<\/div>\n<\/div>[\/vc_column][vc_column width=&#8221;1\/3&#8243; css=&#8221;.vc_custom_1576679269730{border-right-width: 10px !important;border-left-width: 10px !important;padding-top: 7% !important;padding-right: 7% !important;padding-bottom: 7% !important;padding-left: 7% !important;background-color: #ffffff !important;border-left-style: solid !important;border-right-style: solid !important;}&#8221; el_class=&#8221;box-grey&#8221;][vc_column_text]<\/p>\n<h3 style=\"margin: 0px !important; text-align: center !important;\"><small>To take full advantage of it<\/small><\/h3>\n<p>[\/vc_column_text]<div class=\"qode-advanced-pricing-list\">\n\t<div class=\"qode-apl-header\">\n\t\t<div class=\"qode-apl-title-holder\">\n\t\t\t<h4 class=\"qode-apl-title\" style=\"color:#0a0a0a;text-align:center\">\n\t\t\t\tSeasonal lots\t\t\t<\/h4>\n\t\t<\/div>\n\t<\/div>\n\t<div class=\"qode-apl-items\">\n\t\t\t\t\t<div class=\"qode-apl-item\">\n\t\t\t\t<div class=\"qode-apl-item-top\">\n\t\t\t\t\t<p class=\"qode-apl-item-title\" style=\"color:#0a0a0a\">\n\t\t\t\t\t\tFrom:\t\t\t\t\t<\/p>\n\t\t\t\t\t<div class=\"qode-apl-line\" style=\"border-style:dotted\"><\/div>\n\t\t\t\t\t<p class=\"qode-apl-item-price\" style=\"color:#0a0a0a\">\n\t\t\t\t\t\t$3050\t\t\t\t\t<\/p>\n\t\t\t\t<\/div>\n\t\t\t\t\t\t\t<\/div>\n\t\t\t<\/div>\n<\/div>[\/vc_column][\/vc_row][vc_row css_animation=&#8221;&#8221; row_type=&#8221;row&#8221; use_row_as_full_screen_section=&#8221;no&#8221; type=&#8221;full_width&#8221; angled_section=&#8221;no&#8221; text_align=&#8221;left&#8221; background_image_as_pattern=&#8221;without_pattern&#8221; css=&#8221;.vc_custom_1576267008935{margin-top: 20px !important;}&#8221; z_index=&#8221;&#8221; padding_bottom=&#8221;30&#8243;][vc_column width=&#8221;1\/3&#8243; css=&#8221;.vc_custom_1576679296619{border-right-width: 10px !important;border-left-width: 10px !important;padding-top: 7% !important;padding-right: 7% !important;padding-bottom: 7% !important;padding-left: 7% !important;background-color: #ffffff !important;border-left-color: #f7f7f7 !important;border-left-style: solid !important;border-right-color: #f7f7f7 !important;border-right-style: solid !important;}&#8221; el_class=&#8221;box-grey&#8221;][vc_column_text]<\/p>\n<h3 style=\"margin: 0px !important; text-align: center !important;\"><small>Departure: 10:30 p.m.<\/small><\/h3>\n<p>[\/vc_column_text]<div class=\"qode-advanced-pricing-list\">\n\t<div class=\"qode-apl-header\">\n\t\t<div class=\"qode-apl-title-holder\">\n\t\t\t<h4 class=\"qode-apl-title\" style=\"color:#0a0a0a;text-align:center\">\n\t\t\t\tVisitors - 1 day pass\t\t\t<\/h4>\n\t\t<\/div>\n\t<\/div>\n\t<div class=\"qode-apl-items\">\n\t\t\t\t\t<div class=\"qode-apl-item\">\n\t\t\t\t<div class=\"qode-apl-item-top\">\n\t\t\t\t\t<p class=\"qode-apl-item-title\" style=\"color:#0a0a0a\">\n\t\t\t\t\t\tAdult (18 and over)\t\t\t\t\t<\/p>\n\t\t\t\t\t<div class=\"qode-apl-line\" style=\"border-style:dotted\"><\/div>\n\t\t\t\t\t<p class=\"qode-apl-item-price\" style=\"color:#0a0a0a\">\n\t\t\t\t\t\t$10\t\t\t\t\t<\/p>\n\t\t\t\t<\/div>\n\t\t\t\t\t\t\t<\/div>\n\t\t\t\t\t<div class=\"qode-apl-item\">\n\t\t\t\t<div class=\"qode-apl-item-top\">\n\t\t\t\t\t<p class=\"qode-apl-item-title\" style=\"color:#0a0a0a\">\n\t\t\t\t\t\tChildren (4 to 17 years old)\t\t\t\t\t<\/p>\n\t\t\t\t\t<div class=\"qode-apl-line\" style=\"border-style:dotted\"><\/div>\n\t\t\t\t\t<p class=\"qode-apl-item-price\" style=\"color:#0a0a0a\">\n\t\t\t\t\t\t$7\t\t\t\t\t<\/p>\n\t\t\t\t<\/div>\n\t\t\t\t\t\t\t<\/div>\n\t\t\t\t\t<div class=\"qode-apl-item\">\n\t\t\t\t<div class=\"qode-apl-item-top\">\n\t\t\t\t\t<p class=\"qode-apl-item-title\" style=\"color:#0a0a0a\">\n\t\t\t\t\t\t0 to 3 years old\t\t\t\t\t<\/p>\n\t\t\t\t\t<div class=\"qode-apl-line\" style=\"border-style:dotted\"><\/div>\n\t\t\t\t\t<p class=\"qode-apl-item-price\" style=\"color:#0a0a0a\">\n\t\t\t\t\t\tFree\t\t\t\t\t<\/p>\n\t\t\t\t<\/div>\n\t\t\t\t\t\t\t<\/div>\n\t\t\t\t\t<div class=\"qode-apl-item\">\n\t\t\t\t<div class=\"qode-apl-item-top\">\n\t\t\t\t\t<p class=\"qode-apl-item-title\" style=\"color:#0a0a0a\">\n\t\t\t\t\t\tFamily pass\t\t\t\t\t<\/p>\n\t\t\t\t\t<div class=\"qode-apl-line\" style=\"border-style:dotted\"><\/div>\n\t\t\t\t\t<p class=\"qode-apl-item-price\" style=\"color:#0a0a0a\">\n\t\t\t\t\t\t$30\t\t\t\t\t<\/p>\n\t\t\t\t<\/div>\n\t\t\t\t\t\t\t\t\t<div class=\"qode-apl-item-bottom\">\n\t\t\t\t\t\t<div class=\"qode-apl-item-description\" >\n\t\t\t\t\t\t\t(2 adults and 4 children less than 18 years old residing at the same address)\t\t\t\t\t\t<\/div>\n\t\t\t\t\t<\/div>\n\t\t\t\t\t\t\t<\/div>\n\t\t\t<\/div>\n<\/div>[\/vc_column][vc_column width=&#8221;1\/3&#8243; css=&#8221;.vc_custom_1671062944259{border-right-width: 10px !important;border-left-width: 10px !important;padding-top: 7% !important;padding-right: 7% !important;padding-bottom: 7% !important;padding-left: 7% !important;background-color: #ffffff !important;border-left-color: #f7f7f7 !important;border-left-style: solid !important;border-right-color: #f7f7f7 !important;border-right-style: solid !important;}&#8221; el_class=&#8221;box-grey&#8221;][vc_column_text]<\/p>\n<h3 style=\"margin: 0px !important; text-align: center !important;\"><small>Departure: 10:30 p.m.<\/small><\/h3>\n<p>[\/vc_column_text]<div class=\"qode-advanced-pricing-list\">\n\t<div class=\"qode-apl-header\">\n\t\t<div class=\"qode-apl-title-holder\">\n\t\t\t<h4 class=\"qode-apl-title\" style=\"color:#0a0a0a;text-align:center\">\n\t\t\t\tVisitors - Season Pass\t\t\t<\/h4>\n\t\t<\/div>\n\t<\/div>\n\t<div class=\"qode-apl-items\">\n\t\t\t\t\t<div class=\"qode-apl-item\">\n\t\t\t\t<div class=\"qode-apl-item-top\">\n\t\t\t\t\t<p class=\"qode-apl-item-title\" style=\"color:#0a0a0a\">\n\t\t\t\t\t\tAdult (18 and over)\t\t\t\t\t<\/p>\n\t\t\t\t\t<div class=\"qode-apl-line\" style=\"border-style:dotted\"><\/div>\n\t\t\t\t\t<p class=\"qode-apl-item-price\" style=\"color:#0a0a0a\">\n\t\t\t\t\t\t$150\t\t\t\t\t<\/p>\n\t\t\t\t<\/div>\n\t\t\t\t\t\t\t<\/div>\n\t\t\t\t\t<div class=\"qode-apl-item\">\n\t\t\t\t<div class=\"qode-apl-item-top\">\n\t\t\t\t\t<p class=\"qode-apl-item-title\" style=\"color:#0a0a0a\">\n\t\t\t\t\t\tChildren (4 to 17 years old)\t\t\t\t\t<\/p>\n\t\t\t\t\t<div class=\"qode-apl-line\" style=\"border-style:dotted\"><\/div>\n\t\t\t\t\t<p class=\"qode-apl-item-price\" style=\"color:#0a0a0a\">\n\t\t\t\t\t\t$100\t\t\t\t\t<\/p>\n\t\t\t\t<\/div>\n\t\t\t\t\t\t\t<\/div>\n\t\t\t\t\t<div class=\"qode-apl-item\">\n\t\t\t\t<div class=\"qode-apl-item-top\">\n\t\t\t\t\t<p class=\"qode-apl-item-title\" style=\"color:#0a0a0a\">\n\t\t\t\t\t\t0 to 3 years old\t\t\t\t\t<\/p>\n\t\t\t\t\t<div class=\"qode-apl-line\" style=\"border-style:dotted\"><\/div>\n\t\t\t\t\t<p class=\"qode-apl-item-price\" style=\"color:#0a0a0a\">\n\t\t\t\t\t\tFree\t\t\t\t\t<\/p>\n\t\t\t\t<\/div>\n\t\t\t\t\t\t\t<\/div>\n\t\t\t\t\t<div class=\"qode-apl-item\">\n\t\t\t\t<div class=\"qode-apl-item-top\">\n\t\t\t\t\t<p class=\"qode-apl-item-title\" style=\"color:#0a0a0a\">\n\t\t\t\t\t\tFamily pass\t\t\t\t\t<\/p>\n\t\t\t\t\t<div class=\"qode-apl-line\" style=\"border-style:dotted\"><\/div>\n\t\t\t\t\t<p class=\"qode-apl-item-price\" style=\"color:#0a0a0a\">\n\t\t\t\t\t\t$350\t\t\t\t\t<\/p>\n\t\t\t\t<\/div>\n\t\t\t\t\t\t\t\t\t<div class=\"qode-apl-item-bottom\">\n\t\t\t\t\t\t<div class=\"qode-apl-item-description\" >\n\t\t\t\t\t\t\t(2 adults and 4 children less than 18 years old residing at the same address)\t\t\t\t\t\t<\/div>\n\t\t\t\t\t<\/div>\n\t\t\t\t\t\t\t<\/div>\n\t\t\t<\/div>\n<\/div>[\/vc_column][vc_column width=&#8221;1\/3&#8243; css=&#8221;.vc_custom_1671062956888{border-right-width: 10px !important;border-left-width: 10px !important;padding-top: 7% !important;padding-right: 7% !important;padding-bottom: 7% !important;padding-left: 7% !important;background-color: #ffffff !important;border-left-color: #f7f7f7 !important;border-left-style: solid !important;border-right-color: #f7f7f7 !important;border-right-style: solid !important;}&#8221;]<div class=\"qode-advanced-pricing-list\">\n\t<div class=\"qode-apl-header\">\n\t\t<div class=\"qode-apl-title-holder\">\n\t\t\t<h4 class=\"qode-apl-title\" style=\"color:#0a0a0a;text-align:center\">\n\t\t\t\tVarious\t\t\t<\/h4>\n\t\t<\/div>\n\t<\/div>\n\t<div class=\"qode-apl-items\">\n\t\t\t\t\t<div class=\"qode-apl-item\">\n\t\t\t\t<div class=\"qode-apl-item-top\">\n\t\t\t\t\t<p class=\"qode-apl-item-title\" style=\"color:#0a0a0a\">\n\t\t\t\t\t\tWireless\t\t\t\t\t<\/p>\n\t\t\t\t\t<div class=\"qode-apl-line\" style=\"border-style:dotted\"><\/div>\n\t\t\t\t\t<p class=\"qode-apl-item-price\" style=\"color:#0a0a0a\">\n\t\t\t\t\t\t\t\t\t\t\t<\/p>\n\t\t\t\t<\/div>\n\t\t\t\t\t\t\t\t\t<div class=\"qode-apl-item-bottom\">\n\t\t\t\t\t\t<div class=\"qode-apl-item-description\" >\n\t\t\t\t\t\t\t(free only for travelers)\t\t\t\t\t\t<\/div>\n\t\t\t\t\t<\/div>\n\t\t\t\t\t\t\t<\/div>\n\t\t\t<\/div>\n<\/div>[\/vc_column][\/vc_row]<\/p>\n<\/section>","protected":false},"excerpt":{"rendered":"<p>[vc_row css_animation=&#8221;&#8221; row_type=&#8221;row&#8221; use_row_as_full_screen_section=&#8221;no&#8221; type=&#8221;full_width&#8221; angled_section=&#8221;no&#8221; text_align=&#8221;left&#8221; background_image_as_pattern=&#8221;without_pattern&#8221; z_index=&#8221;&#8221; padding_top=&#8221;30&#8243; padding_bottom=&#8221;40&#8243;][vc_column][vc_column_text] Rates 2026 [\/vc_column_text][vc_separator type=&#8221;small&#8221; position=&#8221;center&#8221;][vc_column_text] Prices do not include taxes. Arrival time: 2 p.m. Departure time: 1 p.m. [\/vc_column_text][\/vc_column][\/vc_row][vc_row css_animation=&#8221;&#8221; row_type=&#8221;row&#8221; use_row_as_full_screen_section=&#8221;no&#8221; type=&#8221;full_width&#8221; angled_section=&#8221;no&#8221; text_align=&#8221;left&#8221; background_image_as_pattern=&#8221;without_pattern&#8221; z_index=&#8221;&#8221;][vc_column width=&#8221;1\/3&#8243; css=&#8221;.vc_custom_1576679280915{border-right-width: 10px !important;border-left-width: 10px !important;padding-top: 7%&#8230;<\/p>\n","protected":false},"author":1,"featured_media":0,"parent":0,"menu_order":0,"comment_status":"closed","ping_status":"closed","template":"","meta":{"footnotes":""},"class_list":["post-1464","page","type-page","status-publish","hentry"],"yoast_head":"<!-- This site is optimized with the Yoast SEO plugin v27.4 - https:\/\/yoast.com\/product\/yoast-seo-wordpress\/ -->\n<title>Rates 2026 | Camping de l&#039;\u00e9t\u00e9<\/title>\n<meta name=\"description\" content=\"Camping de 178 sites en Mont\u00e9r\u00e9gie, \u00e0 proximit\u00e9 de St-Hyacinthe et de Granby. Sites pour saisonniers et visiteurs. Au plaisir de vous y accueillir!\" \/>\n<meta name=\"robots\" content=\"index, follow, max-snippet:-1, max-image-preview:large, max-video-preview:-1\" \/>\n<link rel=\"canonical\" href=\"https:\/\/campingdelete.com\/en\/rates\/\" \/>\n<meta property=\"og:locale\" content=\"en_US\" \/>\n<meta property=\"og:type\" content=\"article\" \/>\n<meta property=\"og:title\" content=\"Rates 2026 | Camping de l&#039;\u00e9t\u00e9\" \/>\n<meta property=\"og:description\" content=\"Camping de 178 sites en Mont\u00e9r\u00e9gie, \u00e0 proximit\u00e9 de St-Hyacinthe et de Granby. Sites pour saisonniers et visiteurs. Au plaisir de vous y accueillir!\" \/>\n<meta property=\"og:url\" content=\"https:\/\/campingdelete.com\/en\/rates\/\" \/>\n<meta property=\"og:site_name\" content=\"Camping de l&#039;\u00e9t\u00e9\" \/>\n<meta property=\"article:modified_time\" content=\"2026-01-22T17:21:52+00:00\" \/>\n<meta property=\"og:image\" content=\"https:\/\/campingdelete.com\/wp-content\/uploads\/og-logo-camping-de-lete.png\" \/>\n\t<meta property=\"og:image:width\" content=\"1200\" \/>\n\t<meta property=\"og:image:height\" content=\"630\" \/>\n\t<meta property=\"og:image:type\" content=\"image\/png\" \/>\n<meta name=\"twitter:label1\" content=\"Est. reading time\" \/>\n\t<meta name=\"twitter:data1\" content=\"2 minutes\" \/>\n<script type=\"application\/ld+json\" class=\"yoast-schema-graph\">{\"@context\":\"https:\\\/\\\/schema.org\",\"@graph\":[{\"@type\":\"WebPage\",\"@id\":\"https:\\\/\\\/campingdelete.com\\\/en\\\/rates\\\/\",\"url\":\"https:\\\/\\\/campingdelete.com\\\/en\\\/rates\\\/\",\"name\":\"Rates 2026 | Camping de l&#039;\u00e9t\u00e9\",\"isPartOf\":{\"@id\":\"https:\\\/\\\/campingdelete.com\\\/#website\"},\"datePublished\":\"2023-07-17T14:24:09+00:00\",\"dateModified\":\"2026-01-22T17:21:52+00:00\",\"description\":\"Camping de 178 sites en Mont\u00e9r\u00e9gie, \u00e0 proximit\u00e9 de St-Hyacinthe et de Granby. Sites pour saisonniers et visiteurs. Au plaisir de vous y accueillir!\",\"breadcrumb\":{\"@id\":\"https:\\\/\\\/campingdelete.com\\\/en\\\/rates\\\/#breadcrumb\"},\"inLanguage\":\"en-CA\",\"potentialAction\":[{\"@type\":\"ReadAction\",\"target\":[\"https:\\\/\\\/campingdelete.com\\\/en\\\/rates\\\/\"]}]},{\"@type\":\"BreadcrumbList\",\"@id\":\"https:\\\/\\\/campingdelete.com\\\/en\\\/rates\\\/#breadcrumb\",\"itemListElement\":[{\"@type\":\"ListItem\",\"position\":1,\"name\":\"Accueil\",\"item\":\"https:\\\/\\\/campingdelete.com\\\/en\\\/\"},{\"@type\":\"ListItem\",\"position\":2,\"name\":\"Rates 2026\"}]},{\"@type\":\"WebSite\",\"@id\":\"https:\\\/\\\/campingdelete.com\\\/#website\",\"url\":\"https:\\\/\\\/campingdelete.com\\\/\",\"name\":\"Camping de l&#039;\u00e9t\u00e9\",\"description\":\"Camping situ\u00e9 a Saint-Hyacinthe\",\"publisher\":{\"@id\":\"https:\\\/\\\/campingdelete.com\\\/#organization\"},\"potentialAction\":[{\"@type\":\"SearchAction\",\"target\":{\"@type\":\"EntryPoint\",\"urlTemplate\":\"https:\\\/\\\/campingdelete.com\\\/?s={search_term_string}\"},\"query-input\":{\"@type\":\"PropertyValueSpecification\",\"valueRequired\":true,\"valueName\":\"search_term_string\"}}],\"inLanguage\":\"en-CA\"},{\"@type\":\"Organization\",\"@id\":\"https:\\\/\\\/campingdelete.com\\\/#organization\",\"name\":\"Camping de l'\u00e9t\u00e9\",\"url\":\"https:\\\/\\\/campingdelete.com\\\/\",\"logo\":{\"@type\":\"ImageObject\",\"inLanguage\":\"en-CA\",\"@id\":\"https:\\\/\\\/campingdelete.com\\\/#\\\/schema\\\/logo\\\/image\\\/\",\"url\":\"\",\"contentUrl\":\"\",\"caption\":\"Camping de l'\u00e9t\u00e9\"},\"image\":{\"@id\":\"https:\\\/\\\/campingdelete.com\\\/#\\\/schema\\\/logo\\\/image\\\/\"}}]}<\/script>\n<!-- \/ Yoast SEO plugin. -->","yoast_head_json":{"title":"Rates 2026 | Camping de l&#039;\u00e9t\u00e9","description":"Camping de 178 sites en Mont\u00e9r\u00e9gie, \u00e0 proximit\u00e9 de St-Hyacinthe et de Granby. Sites pour saisonniers et visiteurs. Au plaisir de vous y accueillir!","robots":{"index":"index","follow":"follow","max-snippet":"max-snippet:-1","max-image-preview":"max-image-preview:large","max-video-preview":"max-video-preview:-1"},"canonical":"https:\/\/campingdelete.com\/en\/rates\/","og_locale":"en_US","og_type":"article","og_title":"Rates 2026 | Camping de l&#039;\u00e9t\u00e9","og_description":"Camping de 178 sites en Mont\u00e9r\u00e9gie, \u00e0 proximit\u00e9 de St-Hyacinthe et de Granby. Sites pour saisonniers et visiteurs. Au plaisir de vous y accueillir!","og_url":"https:\/\/campingdelete.com\/en\/rates\/","og_site_name":"Camping de l&#039;\u00e9t\u00e9","article_modified_time":"2026-01-22T17:21:52+00:00","og_image":[{"width":1200,"height":630,"url":"https:\/\/campingdelete.com\/wp-content\/uploads\/og-logo-camping-de-lete.png","type":"image\/png"}],"twitter_misc":{"Est. reading time":"2 minutes"},"schema":{"@context":"https:\/\/schema.org","@graph":[{"@type":"WebPage","@id":"https:\/\/campingdelete.com\/en\/rates\/","url":"https:\/\/campingdelete.com\/en\/rates\/","name":"Rates 2026 | Camping de l&#039;\u00e9t\u00e9","isPartOf":{"@id":"https:\/\/campingdelete.com\/#website"},"datePublished":"2023-07-17T14:24:09+00:00","dateModified":"2026-01-22T17:21:52+00:00","description":"Camping de 178 sites en Mont\u00e9r\u00e9gie, \u00e0 proximit\u00e9 de St-Hyacinthe et de Granby. Sites pour saisonniers et visiteurs. Au plaisir de vous y accueillir!","breadcrumb":{"@id":"https:\/\/campingdelete.com\/en\/rates\/#breadcrumb"},"inLanguage":"en-CA","potentialAction":[{"@type":"ReadAction","target":["https:\/\/campingdelete.com\/en\/rates\/"]}]},{"@type":"BreadcrumbList","@id":"https:\/\/campingdelete.com\/en\/rates\/#breadcrumb","itemListElement":[{"@type":"ListItem","position":1,"name":"Accueil","item":"https:\/\/campingdelete.com\/en\/"},{"@type":"ListItem","position":2,"name":"Rates 2026"}]},{"@type":"WebSite","@id":"https:\/\/campingdelete.com\/#website","url":"https:\/\/campingdelete.com\/","name":"Camping de l&#039;\u00e9t\u00e9","description":"Camping situ\u00e9 a Saint-Hyacinthe","publisher":{"@id":"https:\/\/campingdelete.com\/#organization"},"potentialAction":[{"@type":"SearchAction","target":{"@type":"EntryPoint","urlTemplate":"https:\/\/campingdelete.com\/?s={search_term_string}"},"query-input":{"@type":"PropertyValueSpecification","valueRequired":true,"valueName":"search_term_string"}}],"inLanguage":"en-CA"},{"@type":"Organization","@id":"https:\/\/campingdelete.com\/#organization","name":"Camping de l'\u00e9t\u00e9","url":"https:\/\/campingdelete.com\/","logo":{"@type":"ImageObject","inLanguage":"en-CA","@id":"https:\/\/campingdelete.com\/#\/schema\/logo\/image\/","url":"","contentUrl":"","caption":"Camping de l'\u00e9t\u00e9"},"image":{"@id":"https:\/\/campingdelete.com\/#\/schema\/logo\/image\/"}}]}},"_links":{"self":[{"href":"https:\/\/campingdelete.com\/en\/wp-json\/wp\/v2\/pages\/1464","targetHints":{"allow":["GET"]}}],"collection":[{"href":"https:\/\/campingdelete.com\/en\/wp-json\/wp\/v2\/pages"}],"about":[{"href":"https:\/\/campingdelete.com\/en\/wp-json\/wp\/v2\/types\/page"}],"author":[{"embeddable":true,"href":"https:\/\/campingdelete.com\/en\/wp-json\/wp\/v2\/users\/1"}],"replies":[{"embeddable":true,"href":"https:\/\/campingdelete.com\/en\/wp-json\/wp\/v2\/comments?post=1464"}],"version-history":[{"count":4,"href":"https:\/\/campingdelete.com\/en\/wp-json\/wp\/v2\/pages\/1464\/revisions"}],"predecessor-version":[{"id":1709,"href":"https:\/\/campingdelete.com\/en\/wp-json\/wp\/v2\/pages\/1464\/revisions\/1709"}],"wp:attachment":[{"href":"https:\/\/campingdelete.com\/en\/wp-json\/wp\/v2\/media?parent=1464"}],"curies":[{"name":"wp","href":"https:\/\/api.w.org\/{rel}","templated":true}]}}