{"id":1468,"date":"2023-07-17T10:29:33","date_gmt":"2023-07-17T14:29:33","guid":{"rendered":"https:\/\/campingdelete.com\/?page_id=1468"},"modified":"2026-01-28T13:44:13","modified_gmt":"2026-01-28T18:44:13","slug":"information","status":"publish","type":"page","link":"https:\/\/campingdelete.com\/en\/information\/","title":{"rendered":"Information"},"content":{"rendered":"<section class=\"wpb-content-wrapper\"><p>[vc_row css_animation=&#8221;&#8221; row_type=&#8221;row&#8221; use_row_as_full_screen_section=&#8221;no&#8221; type=&#8221;full_width&#8221; angled_section=&#8221;no&#8221; text_align=&#8221;left&#8221; background_image_as_pattern=&#8221;without_pattern&#8221; padding_top=&#8221;30&#8243; z_index=&#8221;&#8221;][vc_column][vc_column_text]<\/p>\n<h1 style=\"text-align: center;\">Information<\/h1>\n<p>[\/vc_column_text][vc_separator type=&#8221;small&#8221; position=&#8221;center&#8221;][\/vc_column][\/vc_row][vc_row css_animation=&#8221;&#8221; row_type=&#8221;row&#8221; use_row_as_full_screen_section=&#8221;no&#8221; type=&#8221;full_width&#8221; angled_section=&#8221;no&#8221; text_align=&#8221;left&#8221; background_image_as_pattern=&#8221;without_pattern&#8221; padding_top=&#8221;20&#8243; z_index=&#8221;&#8221; padding_bottom=&#8221;30&#8243;][vc_column width=&#8221;1\/2&#8243;][vc_column_text]<\/p>\n<h2>Offered services<\/h2>\n<ul style=\"margin-bottom: 20px !important;\">\n<li>Heated pool with certified lifeguard<\/li>\n<li>Water games<\/li>\n<li>Laundry room<\/li>\n<li>Recreation Committee<\/li>\n<li>Wifi Internet available (fees apply)<\/li>\n<li>Ironshoes<\/li>\n<li>P\u00e9tanque<\/li>\n<li>Pickleball<\/li>\n<li>Ping-pong<\/li>\n<li>Badminton<\/li>\n<li>Shuffleboard<\/li>\n<li>Billiards<\/li>\n<li>Children&#8217;s play module<\/li>\n<\/ul>\n<p>[\/vc_column_text][\/vc_column][vc_column width=&#8221;1\/2&#8243;][vc_gallery interval=&#8221;3&#8243; images=&#8221;1773,1771,1777,1737&#8243; img_size=&#8221;600&#215;525&#8243; show_image_description=&#8221;yes&#8221;][\/vc_column][\/vc_row][vc_row css_animation=&#8221;&#8221; row_type=&#8221;row&#8221; use_row_as_full_screen_section=&#8221;no&#8221; type=&#8221;full_width&#8221; angled_section=&#8221;no&#8221; text_align=&#8221;left&#8221; background_image_as_pattern=&#8221;without_pattern&#8221; padding_top=&#8221;0&#8243; z_index=&#8221;&#8221; padding_bottom=&#8221;30&#8243;][vc_column width=&#8221;1\/2&#8243;][vc_column_text]<\/p>\n<h2>Tourist attractions<\/h2>\n<ul>\n<li>10 minutes from downtown (Central Market, specialty shops)<\/li>\n<li>Bike path nearby<\/li>\n<li>Mall<\/li>\n<li>\u00a0Golf Club<\/li>\n<li><a href=\"http:\/\/www.tourismesainthyacinthe.qc.ca\/\" target=\"_blank\" rel=\"noopener\">St-Hyacinthe Tourism and Convention Office<\/a><\/li>\n<li><a href=\"http:\/\/www.cinema8.qc.ca\/\" target=\"_blank\" rel=\"noopener\">Cinema 8<\/a><\/li>\n<li><a href=\"http:\/\/lemarcheauxpuces.ca\/\" target=\"_blank\" rel=\"noopener\">Flea market<\/a><\/li>\n<li><a href=\"http:\/\/www.cardiopleinair.ca\/ou-sentrainer\/parcs\/?idPark=17\" target=\"_blank\" rel=\"noopener\">Les Salines outdoor base<\/a><\/li>\n<li><a href=\"http:\/\/www.itasth.qc.ca\/jardindas\" target=\"_blank\" rel=\"noopener\">Daniel A. S\u00e9guin Garden<\/a><\/li>\n<li><a href=\"http:\/\/www.uqrop.qc.ca\/\" target=\"_blank\" rel=\"noopener\">Chouette \u00e0 voir (Owl Shelter) UQROP<\/a><\/li>\n<li><a href=\"http:\/\/www.centredesarts.ca\/\" target=\"_blank\" rel=\"noopener\">Juliette Lassonde Arts Center<\/a><\/li>\n<li><a href=\"http:\/\/www.expo-agricole.com\/\" target=\"_blank\" rel=\"noopener\">Saint-Hyacinthe Expo<\/a><\/li>\n<li><a href=\"http:\/\/www.boisedesdouze.org\/\" target=\"_blank\" rel=\"noopener\">Bois\u00e9 des Douze<\/a><\/li>\n<li><a href=\"http:\/\/www.zoodegranby.com\/\" target=\"_blank\" rel=\"noopener\">Granby Zoo<\/a><\/li>\n<li><a href=\"https:\/\/skibromont.com\/fr\/parc-aquatique\" target=\"_blank\" rel=\"noopener\">Bromont water slides<\/a><\/li>\n<li><a href=\"http:\/\/www.laronde.com\/\" target=\"_blank\" rel=\"noopener\"> La Ronde (Rollercoaster site)<\/a><\/li>\n<li><a href=\"http:\/\/espacepourlavie.ca\/biodome\" target=\"_blank\" rel=\"noopener\">The Montreal Biod\u00f4me and Insectarium<\/a><\/li>\n<\/ul>\n<p>[\/vc_column_text][\/vc_column][vc_column width=&#8221;1\/2&#8243;][vc_column_text]<\/p>\n<h2>Deposit<\/h2>\n<p>A mandatory deposit is required for each reservation. The amount of the deposit is equivalent to one night (taxes included) for reservations of two days or more. For seven days or more, the required deposit is equivalent to 3 nights (taxes included).<\/p>\n<h2>Refund Policy<\/h2>\n<p>The mandatory rental deposit is non-refundable under any circumstances. Early departures are non-refundable.<\/p>\n<h2>Payment<\/h2>\n<p><img loading=\"lazy\" decoding=\"async\" width=\"163\" height=\"52\" class=\"alignnone size-full wp-image-230\" src=\"https:\/\/campingaupieddumont.ca\/wp-content\/uploads\/paiement.png\" alt=\"Payment\" \/>[\/vc_column_text][\/vc_column][\/vc_row]<\/p>\n<\/section>","protected":false},"excerpt":{"rendered":"<p>[vc_row css_animation=&#8221;&#8221; row_type=&#8221;row&#8221; use_row_as_full_screen_section=&#8221;no&#8221; type=&#8221;full_width&#8221; angled_section=&#8221;no&#8221; text_align=&#8221;left&#8221; background_image_as_pattern=&#8221;without_pattern&#8221; padding_top=&#8221;30&#8243; z_index=&#8221;&#8221;][vc_column][vc_column_text] Information [\/vc_column_text][vc_separator type=&#8221;small&#8221; position=&#8221;center&#8221;][\/vc_column][\/vc_row][vc_row css_animation=&#8221;&#8221; row_type=&#8221;row&#8221; use_row_as_full_screen_section=&#8221;no&#8221; type=&#8221;full_width&#8221; angled_section=&#8221;no&#8221; text_align=&#8221;left&#8221; background_image_as_pattern=&#8221;without_pattern&#8221; padding_top=&#8221;20&#8243; z_index=&#8221;&#8221; padding_bottom=&#8221;30&#8243;][vc_column width=&#8221;1\/2&#8243;][vc_column_text] Offered services Heated pool with certified lifeguard Water games Laundry room Recreation Committee Wifi Internet available (fees apply) Ironshoes P\u00e9tanque&#8230;<\/p>\n","protected":false},"author":1,"featured_media":0,"parent":0,"menu_order":0,"comment_status":"closed","ping_status":"closed","template":"","meta":{"footnotes":""},"class_list":["post-1468","page","type-page","status-publish","hentry"],"yoast_head":"<!-- This site is optimized with the Yoast SEO plugin v27.4 - https:\/\/yoast.com\/product\/yoast-seo-wordpress\/ -->\n<title>Information | Camping de l&#039;\u00e9t\u00e9<\/title>\n<meta name=\"description\" content=\"Camping de 178 sites en Mont\u00e9r\u00e9gie, \u00e0 proximit\u00e9 de St-Hyacinthe et de Granby. Sites pour saisonniers et visiteurs. Au plaisir de vous y accueillir!\" \/>\n<meta name=\"robots\" content=\"index, follow, max-snippet:-1, max-image-preview:large, max-video-preview:-1\" \/>\n<link rel=\"canonical\" href=\"https:\/\/campingdelete.com\/en\/information\/\" \/>\n<meta property=\"og:locale\" content=\"en_US\" \/>\n<meta property=\"og:type\" content=\"article\" \/>\n<meta property=\"og:title\" content=\"Information | Camping de l&#039;\u00e9t\u00e9\" \/>\n<meta property=\"og:description\" content=\"Camping de 178 sites en Mont\u00e9r\u00e9gie, \u00e0 proximit\u00e9 de St-Hyacinthe et de Granby. Sites pour saisonniers et visiteurs. Au plaisir de vous y accueillir!\" \/>\n<meta property=\"og:url\" content=\"https:\/\/campingdelete.com\/en\/information\/\" \/>\n<meta property=\"og:site_name\" content=\"Camping de l&#039;\u00e9t\u00e9\" \/>\n<meta property=\"article:modified_time\" content=\"2026-01-28T18:44:13+00:00\" \/>\n<meta property=\"og:image\" content=\"https:\/\/campingdelete.com\/wp-content\/uploads\/paiement.png\" \/>\n\t<meta property=\"og:image:width\" content=\"163\" \/>\n\t<meta property=\"og:image:height\" content=\"52\" \/>\n\t<meta property=\"og:image:type\" content=\"image\/png\" \/>\n<meta name=\"twitter:label1\" content=\"Est. reading time\" \/>\n\t<meta name=\"twitter:data1\" content=\"2 minutes\" \/>\n<script type=\"application\/ld+json\" class=\"yoast-schema-graph\">{\"@context\":\"https:\\\/\\\/schema.org\",\"@graph\":[{\"@type\":\"WebPage\",\"@id\":\"https:\\\/\\\/campingdelete.com\\\/en\\\/information\\\/\",\"url\":\"https:\\\/\\\/campingdelete.com\\\/en\\\/information\\\/\",\"name\":\"Information | Camping de l&#039;\u00e9t\u00e9\",\"isPartOf\":{\"@id\":\"https:\\\/\\\/campingdelete.com\\\/#website\"},\"primaryImageOfPage\":{\"@id\":\"https:\\\/\\\/campingdelete.com\\\/en\\\/information\\\/#primaryimage\"},\"image\":{\"@id\":\"https:\\\/\\\/campingdelete.com\\\/en\\\/information\\\/#primaryimage\"},\"thumbnailUrl\":\"https:\\\/\\\/campingaupieddumont.ca\\\/wp-content\\\/uploads\\\/paiement.png\",\"datePublished\":\"2023-07-17T14:29:33+00:00\",\"dateModified\":\"2026-01-28T18:44:13+00:00\",\"description\":\"Camping de 178 sites en Mont\u00e9r\u00e9gie, \u00e0 proximit\u00e9 de St-Hyacinthe et de Granby. Sites pour saisonniers et visiteurs. Au plaisir de vous y accueillir!\",\"breadcrumb\":{\"@id\":\"https:\\\/\\\/campingdelete.com\\\/en\\\/information\\\/#breadcrumb\"},\"inLanguage\":\"en-CA\",\"potentialAction\":[{\"@type\":\"ReadAction\",\"target\":[\"https:\\\/\\\/campingdelete.com\\\/en\\\/information\\\/\"]}]},{\"@type\":\"ImageObject\",\"inLanguage\":\"en-CA\",\"@id\":\"https:\\\/\\\/campingdelete.com\\\/en\\\/information\\\/#primaryimage\",\"url\":\"https:\\\/\\\/campingaupieddumont.ca\\\/wp-content\\\/uploads\\\/paiement.png\",\"contentUrl\":\"https:\\\/\\\/campingaupieddumont.ca\\\/wp-content\\\/uploads\\\/paiement.png\"},{\"@type\":\"BreadcrumbList\",\"@id\":\"https:\\\/\\\/campingdelete.com\\\/en\\\/information\\\/#breadcrumb\",\"itemListElement\":[{\"@type\":\"ListItem\",\"position\":1,\"name\":\"Accueil\",\"item\":\"https:\\\/\\\/campingdelete.com\\\/en\\\/\"},{\"@type\":\"ListItem\",\"position\":2,\"name\":\"Information\"}]},{\"@type\":\"WebSite\",\"@id\":\"https:\\\/\\\/campingdelete.com\\\/#website\",\"url\":\"https:\\\/\\\/campingdelete.com\\\/\",\"name\":\"Camping de l&#039;\u00e9t\u00e9\",\"description\":\"Camping situ\u00e9 a Saint-Hyacinthe\",\"publisher\":{\"@id\":\"https:\\\/\\\/campingdelete.com\\\/#organization\"},\"potentialAction\":[{\"@type\":\"SearchAction\",\"target\":{\"@type\":\"EntryPoint\",\"urlTemplate\":\"https:\\\/\\\/campingdelete.com\\\/?s={search_term_string}\"},\"query-input\":{\"@type\":\"PropertyValueSpecification\",\"valueRequired\":true,\"valueName\":\"search_term_string\"}}],\"inLanguage\":\"en-CA\"},{\"@type\":\"Organization\",\"@id\":\"https:\\\/\\\/campingdelete.com\\\/#organization\",\"name\":\"Camping de l'\u00e9t\u00e9\",\"url\":\"https:\\\/\\\/campingdelete.com\\\/\",\"logo\":{\"@type\":\"ImageObject\",\"inLanguage\":\"en-CA\",\"@id\":\"https:\\\/\\\/campingdelete.com\\\/#\\\/schema\\\/logo\\\/image\\\/\",\"url\":\"\",\"contentUrl\":\"\",\"caption\":\"Camping de l'\u00e9t\u00e9\"},\"image\":{\"@id\":\"https:\\\/\\\/campingdelete.com\\\/#\\\/schema\\\/logo\\\/image\\\/\"}}]}<\/script>\n<!-- \/ Yoast SEO plugin. -->","yoast_head_json":{"title":"Information | Camping de l&#039;\u00e9t\u00e9","description":"Camping de 178 sites en Mont\u00e9r\u00e9gie, \u00e0 proximit\u00e9 de St-Hyacinthe et de Granby. Sites pour saisonniers et visiteurs. Au plaisir de vous y accueillir!","robots":{"index":"index","follow":"follow","max-snippet":"max-snippet:-1","max-image-preview":"max-image-preview:large","max-video-preview":"max-video-preview:-1"},"canonical":"https:\/\/campingdelete.com\/en\/information\/","og_locale":"en_US","og_type":"article","og_title":"Information | Camping de l&#039;\u00e9t\u00e9","og_description":"Camping de 178 sites en Mont\u00e9r\u00e9gie, \u00e0 proximit\u00e9 de St-Hyacinthe et de Granby. Sites pour saisonniers et visiteurs. Au plaisir de vous y accueillir!","og_url":"https:\/\/campingdelete.com\/en\/information\/","og_site_name":"Camping de l&#039;\u00e9t\u00e9","article_modified_time":"2026-01-28T18:44:13+00:00","og_image":[{"width":163,"height":52,"url":"https:\/\/campingdelete.com\/wp-content\/uploads\/paiement.png","type":"image\/png"}],"twitter_misc":{"Est. reading time":"2 minutes"},"schema":{"@context":"https:\/\/schema.org","@graph":[{"@type":"WebPage","@id":"https:\/\/campingdelete.com\/en\/information\/","url":"https:\/\/campingdelete.com\/en\/information\/","name":"Information | Camping de l&#039;\u00e9t\u00e9","isPartOf":{"@id":"https:\/\/campingdelete.com\/#website"},"primaryImageOfPage":{"@id":"https:\/\/campingdelete.com\/en\/information\/#primaryimage"},"image":{"@id":"https:\/\/campingdelete.com\/en\/information\/#primaryimage"},"thumbnailUrl":"https:\/\/campingaupieddumont.ca\/wp-content\/uploads\/paiement.png","datePublished":"2023-07-17T14:29:33+00:00","dateModified":"2026-01-28T18:44:13+00:00","description":"Camping de 178 sites en Mont\u00e9r\u00e9gie, \u00e0 proximit\u00e9 de St-Hyacinthe et de Granby. Sites pour saisonniers et visiteurs. Au plaisir de vous y accueillir!","breadcrumb":{"@id":"https:\/\/campingdelete.com\/en\/information\/#breadcrumb"},"inLanguage":"en-CA","potentialAction":[{"@type":"ReadAction","target":["https:\/\/campingdelete.com\/en\/information\/"]}]},{"@type":"ImageObject","inLanguage":"en-CA","@id":"https:\/\/campingdelete.com\/en\/information\/#primaryimage","url":"https:\/\/campingaupieddumont.ca\/wp-content\/uploads\/paiement.png","contentUrl":"https:\/\/campingaupieddumont.ca\/wp-content\/uploads\/paiement.png"},{"@type":"BreadcrumbList","@id":"https:\/\/campingdelete.com\/en\/information\/#breadcrumb","itemListElement":[{"@type":"ListItem","position":1,"name":"Accueil","item":"https:\/\/campingdelete.com\/en\/"},{"@type":"ListItem","position":2,"name":"Information"}]},{"@type":"WebSite","@id":"https:\/\/campingdelete.com\/#website","url":"https:\/\/campingdelete.com\/","name":"Camping de l&#039;\u00e9t\u00e9","description":"Camping situ\u00e9 a Saint-Hyacinthe","publisher":{"@id":"https:\/\/campingdelete.com\/#organization"},"potentialAction":[{"@type":"SearchAction","target":{"@type":"EntryPoint","urlTemplate":"https:\/\/campingdelete.com\/?s={search_term_string}"},"query-input":{"@type":"PropertyValueSpecification","valueRequired":true,"valueName":"search_term_string"}}],"inLanguage":"en-CA"},{"@type":"Organization","@id":"https:\/\/campingdelete.com\/#organization","name":"Camping de l'\u00e9t\u00e9","url":"https:\/\/campingdelete.com\/","logo":{"@type":"ImageObject","inLanguage":"en-CA","@id":"https:\/\/campingdelete.com\/#\/schema\/logo\/image\/","url":"","contentUrl":"","caption":"Camping de l'\u00e9t\u00e9"},"image":{"@id":"https:\/\/campingdelete.com\/#\/schema\/logo\/image\/"}}]}},"_links":{"self":[{"href":"https:\/\/campingdelete.com\/en\/wp-json\/wp\/v2\/pages\/1468","targetHints":{"allow":["GET"]}}],"collection":[{"href":"https:\/\/campingdelete.com\/en\/wp-json\/wp\/v2\/pages"}],"about":[{"href":"https:\/\/campingdelete.com\/en\/wp-json\/wp\/v2\/types\/page"}],"author":[{"embeddable":true,"href":"https:\/\/campingdelete.com\/en\/wp-json\/wp\/v2\/users\/1"}],"replies":[{"embeddable":true,"href":"https:\/\/campingdelete.com\/en\/wp-json\/wp\/v2\/comments?post=1468"}],"version-history":[{"count":3,"href":"https:\/\/campingdelete.com\/en\/wp-json\/wp\/v2\/pages\/1468\/revisions"}],"predecessor-version":[{"id":1822,"href":"https:\/\/campingdelete.com\/en\/wp-json\/wp\/v2\/pages\/1468\/revisions\/1822"}],"wp:attachment":[{"href":"https:\/\/campingdelete.com\/en\/wp-json\/wp\/v2\/media?parent=1468"}],"curies":[{"name":"wp","href":"https:\/\/api.w.org\/{rel}","templated":true}]}}