{"id":1476,"date":"2023-07-17T10:32:17","date_gmt":"2023-07-17T14:32:17","guid":{"rendered":"https:\/\/campingdelete.com\/?page_id=1476"},"modified":"2023-07-17T10:32:17","modified_gmt":"2023-07-17T14:32:17","slug":"campground-map","status":"publish","type":"page","link":"https:\/\/campingdelete.com\/en\/campground-map\/","title":{"rendered":"Campground Map"},"content":{"rendered":"<section class=\"wpb-content-wrapper\"><p>[vc_row css_animation=&#8221;&#8221; row_type=&#8221;row&#8221; use_row_as_full_screen_section=&#8221;no&#8221; type=&#8221;full_width&#8221; angled_section=&#8221;no&#8221; text_align=&#8221;left&#8221; background_image_as_pattern=&#8221;without_pattern&#8221; padding_top=&#8221;30&#8243; z_index=&#8221;&#8221;][vc_column el_class=&#8221;aligncenter&#8221;][vc_column_text]<\/p>\n<h1 style=\"text-align: center;\">Campground Map<\/h1>\n<p>[\/vc_column_text][vc_separator type=&#8221;small&#8221; position=&#8221;center&#8221;][\/vc_column][\/vc_row][vc_row css_animation=&#8221;&#8221; row_type=&#8221;row&#8221; use_row_as_full_screen_section=&#8221;no&#8221; type=&#8221;full_width&#8221; angled_section=&#8221;no&#8221; text_align=&#8221;left&#8221; background_image_as_pattern=&#8221;without_pattern&#8221;][vc_column][vc_single_image image=&#8221;1397&#8243; img_size=&#8221;&#8221; alignment=&#8221;center&#8221; onclick=&#8221;custom_link&#8221; img_link_target=&#8221;_blank&#8221; qode_css_animation=&#8221;&#8221; qode_hover_animation=&#8221;darken&#8221; link=&#8221;https:\/\/campingdelete.com\/wp-content\/uploads\/plan-camping-de-lete-2023.pdf?v=1&#8243; el_class=&#8221;border&#8221;][\/vc_column][\/vc_row]<\/p>\n<\/section>","protected":false},"excerpt":{"rendered":"<p>[vc_row css_animation=&#8221;&#8221; row_type=&#8221;row&#8221; use_row_as_full_screen_section=&#8221;no&#8221; type=&#8221;full_width&#8221; angled_section=&#8221;no&#8221; text_align=&#8221;left&#8221; background_image_as_pattern=&#8221;without_pattern&#8221; padding_top=&#8221;30&#8243; z_index=&#8221;&#8221;][vc_column el_class=&#8221;aligncenter&#8221;][vc_column_text] Campground Map [\/vc_column_text][vc_separator type=&#8221;small&#8221; position=&#8221;center&#8221;][\/vc_column][\/vc_row][vc_row css_animation=&#8221;&#8221; row_type=&#8221;row&#8221; use_row_as_full_screen_section=&#8221;no&#8221; type=&#8221;full_width&#8221; angled_section=&#8221;no&#8221; text_align=&#8221;left&#8221; background_image_as_pattern=&#8221;without_pattern&#8221;][vc_column][vc_single_image image=&#8221;1397&#8243; img_size=&#8221;&#8221; alignment=&#8221;center&#8221; onclick=&#8221;custom_link&#8221; img_link_target=&#8221;_blank&#8221; qode_css_animation=&#8221;&#8221; qode_hover_animation=&#8221;darken&#8221; link=&#8221;https:\/\/campingdelete.com\/wp-content\/uploads\/plan-camping-de-lete-2023.pdf?v=1&#8243; el_class=&#8221;border&#8221;][\/vc_column][\/vc_row]<\/p>\n","protected":false},"author":1,"featured_media":0,"parent":0,"menu_order":0,"comment_status":"closed","ping_status":"closed","template":"","meta":{"footnotes":""},"class_list":["post-1476","page","type-page","status-publish","hentry"],"yoast_head":"<!-- This site is optimized with the Yoast SEO plugin v27.4 - https:\/\/yoast.com\/product\/yoast-seo-wordpress\/ -->\n<title>Campground Map | Camping de l&#039;\u00e9t\u00e9<\/title>\n<meta name=\"description\" content=\"Camping de 178 sites en Mont\u00e9r\u00e9gie, \u00e0 proximit\u00e9 de St-Hyacinthe et de Granby. Sites pour saisonniers et visiteurs. Au plaisir de vous y accueillir!\" \/>\n<meta name=\"robots\" content=\"index, follow, max-snippet:-1, max-image-preview:large, max-video-preview:-1\" \/>\n<link rel=\"canonical\" href=\"https:\/\/campingdelete.com\/en\/campground-map\/\" \/>\n<meta property=\"og:locale\" content=\"en_US\" \/>\n<meta property=\"og:type\" content=\"article\" \/>\n<meta property=\"og:title\" content=\"Campground Map | Camping de l&#039;\u00e9t\u00e9\" \/>\n<meta property=\"og:description\" content=\"Camping de 178 sites en Mont\u00e9r\u00e9gie, \u00e0 proximit\u00e9 de St-Hyacinthe et de Granby. Sites pour saisonniers et visiteurs. Au plaisir de vous y accueillir!\" \/>\n<meta property=\"og:url\" content=\"https:\/\/campingdelete.com\/en\/campground-map\/\" \/>\n<meta property=\"og:site_name\" content=\"Camping de l&#039;\u00e9t\u00e9\" \/>\n<meta property=\"og:image\" content=\"https:\/\/campingdelete.com\/wp-content\/uploads\/og-logo-camping-de-lete.png\" \/>\n\t<meta property=\"og:image:width\" content=\"1200\" \/>\n\t<meta property=\"og:image:height\" content=\"630\" \/>\n\t<meta property=\"og:image:type\" content=\"image\/png\" \/>\n<meta name=\"twitter:label1\" content=\"Est. reading time\" \/>\n\t<meta name=\"twitter:data1\" content=\"1 minute\" \/>\n<script type=\"application\/ld+json\" class=\"yoast-schema-graph\">{\"@context\":\"https:\\\/\\\/schema.org\",\"@graph\":[{\"@type\":\"WebPage\",\"@id\":\"https:\\\/\\\/campingdelete.com\\\/en\\\/campground-map\\\/\",\"url\":\"https:\\\/\\\/campingdelete.com\\\/en\\\/campground-map\\\/\",\"name\":\"Campground Map | Camping de l&#039;\u00e9t\u00e9\",\"isPartOf\":{\"@id\":\"https:\\\/\\\/campingdelete.com\\\/#website\"},\"datePublished\":\"2023-07-17T14:32:17+00:00\",\"description\":\"Camping de 178 sites en Mont\u00e9r\u00e9gie, \u00e0 proximit\u00e9 de St-Hyacinthe et de Granby. Sites pour saisonniers et visiteurs. Au plaisir de vous y accueillir!\",\"breadcrumb\":{\"@id\":\"https:\\\/\\\/campingdelete.com\\\/en\\\/campground-map\\\/#breadcrumb\"},\"inLanguage\":\"en-CA\",\"potentialAction\":[{\"@type\":\"ReadAction\",\"target\":[\"https:\\\/\\\/campingdelete.com\\\/en\\\/campground-map\\\/\"]}]},{\"@type\":\"BreadcrumbList\",\"@id\":\"https:\\\/\\\/campingdelete.com\\\/en\\\/campground-map\\\/#breadcrumb\",\"itemListElement\":[{\"@type\":\"ListItem\",\"position\":1,\"name\":\"Accueil\",\"item\":\"https:\\\/\\\/campingdelete.com\\\/en\\\/\"},{\"@type\":\"ListItem\",\"position\":2,\"name\":\"Campground Map\"}]},{\"@type\":\"WebSite\",\"@id\":\"https:\\\/\\\/campingdelete.com\\\/#website\",\"url\":\"https:\\\/\\\/campingdelete.com\\\/\",\"name\":\"Camping de l&#039;\u00e9t\u00e9\",\"description\":\"Camping situ\u00e9 a Saint-Hyacinthe\",\"publisher\":{\"@id\":\"https:\\\/\\\/campingdelete.com\\\/#organization\"},\"potentialAction\":[{\"@type\":\"SearchAction\",\"target\":{\"@type\":\"EntryPoint\",\"urlTemplate\":\"https:\\\/\\\/campingdelete.com\\\/?s={search_term_string}\"},\"query-input\":{\"@type\":\"PropertyValueSpecification\",\"valueRequired\":true,\"valueName\":\"search_term_string\"}}],\"inLanguage\":\"en-CA\"},{\"@type\":\"Organization\",\"@id\":\"https:\\\/\\\/campingdelete.com\\\/#organization\",\"name\":\"Camping de l'\u00e9t\u00e9\",\"url\":\"https:\\\/\\\/campingdelete.com\\\/\",\"logo\":{\"@type\":\"ImageObject\",\"inLanguage\":\"en-CA\",\"@id\":\"https:\\\/\\\/campingdelete.com\\\/#\\\/schema\\\/logo\\\/image\\\/\",\"url\":\"\",\"contentUrl\":\"\",\"caption\":\"Camping de l'\u00e9t\u00e9\"},\"image\":{\"@id\":\"https:\\\/\\\/campingdelete.com\\\/#\\\/schema\\\/logo\\\/image\\\/\"}}]}<\/script>\n<!-- \/ Yoast SEO plugin. -->","yoast_head_json":{"title":"Campground Map | Camping de l&#039;\u00e9t\u00e9","description":"Camping de 178 sites en Mont\u00e9r\u00e9gie, \u00e0 proximit\u00e9 de St-Hyacinthe et de Granby. Sites pour saisonniers et visiteurs. Au plaisir de vous y accueillir!","robots":{"index":"index","follow":"follow","max-snippet":"max-snippet:-1","max-image-preview":"max-image-preview:large","max-video-preview":"max-video-preview:-1"},"canonical":"https:\/\/campingdelete.com\/en\/campground-map\/","og_locale":"en_US","og_type":"article","og_title":"Campground Map | Camping de l&#039;\u00e9t\u00e9","og_description":"Camping de 178 sites en Mont\u00e9r\u00e9gie, \u00e0 proximit\u00e9 de St-Hyacinthe et de Granby. Sites pour saisonniers et visiteurs. Au plaisir de vous y accueillir!","og_url":"https:\/\/campingdelete.com\/en\/campground-map\/","og_site_name":"Camping de l&#039;\u00e9t\u00e9","og_image":[{"width":1200,"height":630,"url":"https:\/\/campingdelete.com\/wp-content\/uploads\/og-logo-camping-de-lete.png","type":"image\/png"}],"twitter_misc":{"Est. reading time":"1 minute"},"schema":{"@context":"https:\/\/schema.org","@graph":[{"@type":"WebPage","@id":"https:\/\/campingdelete.com\/en\/campground-map\/","url":"https:\/\/campingdelete.com\/en\/campground-map\/","name":"Campground Map | Camping de l&#039;\u00e9t\u00e9","isPartOf":{"@id":"https:\/\/campingdelete.com\/#website"},"datePublished":"2023-07-17T14:32:17+00:00","description":"Camping de 178 sites en Mont\u00e9r\u00e9gie, \u00e0 proximit\u00e9 de St-Hyacinthe et de Granby. Sites pour saisonniers et visiteurs. Au plaisir de vous y accueillir!","breadcrumb":{"@id":"https:\/\/campingdelete.com\/en\/campground-map\/#breadcrumb"},"inLanguage":"en-CA","potentialAction":[{"@type":"ReadAction","target":["https:\/\/campingdelete.com\/en\/campground-map\/"]}]},{"@type":"BreadcrumbList","@id":"https:\/\/campingdelete.com\/en\/campground-map\/#breadcrumb","itemListElement":[{"@type":"ListItem","position":1,"name":"Accueil","item":"https:\/\/campingdelete.com\/en\/"},{"@type":"ListItem","position":2,"name":"Campground Map"}]},{"@type":"WebSite","@id":"https:\/\/campingdelete.com\/#website","url":"https:\/\/campingdelete.com\/","name":"Camping de l&#039;\u00e9t\u00e9","description":"Camping situ\u00e9 a Saint-Hyacinthe","publisher":{"@id":"https:\/\/campingdelete.com\/#organization"},"potentialAction":[{"@type":"SearchAction","target":{"@type":"EntryPoint","urlTemplate":"https:\/\/campingdelete.com\/?s={search_term_string}"},"query-input":{"@type":"PropertyValueSpecification","valueRequired":true,"valueName":"search_term_string"}}],"inLanguage":"en-CA"},{"@type":"Organization","@id":"https:\/\/campingdelete.com\/#organization","name":"Camping de l'\u00e9t\u00e9","url":"https:\/\/campingdelete.com\/","logo":{"@type":"ImageObject","inLanguage":"en-CA","@id":"https:\/\/campingdelete.com\/#\/schema\/logo\/image\/","url":"","contentUrl":"","caption":"Camping de l'\u00e9t\u00e9"},"image":{"@id":"https:\/\/campingdelete.com\/#\/schema\/logo\/image\/"}}]}},"_links":{"self":[{"href":"https:\/\/campingdelete.com\/en\/wp-json\/wp\/v2\/pages\/1476","targetHints":{"allow":["GET"]}}],"collection":[{"href":"https:\/\/campingdelete.com\/en\/wp-json\/wp\/v2\/pages"}],"about":[{"href":"https:\/\/campingdelete.com\/en\/wp-json\/wp\/v2\/types\/page"}],"author":[{"embeddable":true,"href":"https:\/\/campingdelete.com\/en\/wp-json\/wp\/v2\/users\/1"}],"replies":[{"embeddable":true,"href":"https:\/\/campingdelete.com\/en\/wp-json\/wp\/v2\/comments?post=1476"}],"version-history":[{"count":1,"href":"https:\/\/campingdelete.com\/en\/wp-json\/wp\/v2\/pages\/1476\/revisions"}],"predecessor-version":[{"id":1477,"href":"https:\/\/campingdelete.com\/en\/wp-json\/wp\/v2\/pages\/1476\/revisions\/1477"}],"wp:attachment":[{"href":"https:\/\/campingdelete.com\/en\/wp-json\/wp\/v2\/media?parent=1476"}],"curies":[{"name":"wp","href":"https:\/\/api.w.org\/{rel}","templated":true}]}}