{"id":1479,"date":"2023-07-17T10:33:33","date_gmt":"2023-07-17T14:33:33","guid":{"rendered":"https:\/\/campingdelete.com\/?page_id=1479"},"modified":"2023-07-17T14:06:10","modified_gmt":"2023-07-17T18:06:10","slug":"regulations","status":"publish","type":"page","link":"https:\/\/campingdelete.com\/en\/regulations\/","title":{"rendered":"Regulations"},"content":{"rendered":"<section class=\"wpb-content-wrapper\"><p>[vc_row css_animation=&#8221;&#8221; row_type=&#8221;row&#8221; use_row_as_full_screen_section=&#8221;no&#8221; type=&#8221;full_width&#8221; angled_section=&#8221;no&#8221; text_align=&#8221;left&#8221; background_image_as_pattern=&#8221;without_pattern&#8221; padding_top=&#8221;30&#8243; z_index=&#8221;&#8221;][vc_column][vc_column_text]<\/p>\n<h1 style=\"text-align: center;\">Visitors Regulations<\/h1>\n<p>[\/vc_column_text][vc_separator type=&#8221;small&#8221; position=&#8221;center&#8221;][\/vc_column][\/vc_row][vc_row css_animation=&#8221;&#8221; row_type=&#8221;row&#8221; use_row_as_full_screen_section=&#8221;no&#8221; type=&#8221;full_width&#8221; angled_section=&#8221;no&#8221; text_align=&#8221;left&#8221; background_image_as_pattern=&#8221;without_pattern&#8221; padding_top=&#8221;20&#8243; padding_bottom=&#8221;30&#8243; z_index=&#8221;&#8221;][vc_column][vc_column_text]<\/p>\n<ul>\n<li><strong>The passerby agrees to comply with all regulations, without exception, and to have them respected by his family and his guests.<\/strong><\/li>\n<li>The camper group (per site) is made up of 2 adults and 4 children (under 18) from the immediate family.<\/li>\n<li>Only one camping unit is authorized per site.<\/li>\n<li><strong>The departure of the passer-by must take place before 1 p.m.<\/strong><\/li>\n<li>Visitors must register upon arrival and must leave before 10.30 p.m.<\/li>\n<li><strong>The curfew is at 11 p.m.<\/strong> However, respect for others is essential at all times. We strongly suggest that those who like disorder, noise and loud music opt for another campsite since we don&#8217;t want to disappoint you and we want to preserve the peaceful environment reigning at Camping De L&#8217;\u00e9t\u00e9 no hard feelings!<\/li>\n<li>Always put out the campfire before going to bed.<\/li>\n<li>After 11 pm a small fire and a calm atmosphere are tolerated.<\/li>\n<li><strong>The maximum speed is 8 km\/h.<\/strong><\/li>\n<li>The passer-by must park his vehicle on his site or in the designated parking lot.<\/li>\n<li>Bicycle traffic is only permitted from sunrise to dusk.<\/li>\n<li>Children 12 and under must be accompanied by an adult at the pool, playground and in all other public places.<\/li>\n<li><strong>We are happy to welcome pets as long as our policy is respected.<\/strong> They are tolerated on the site of the passer-by and must be kept on a leash at all times. Under no circumstances should they be left unattended. Their droppings should be picked up as they go. A maximum of two pets are accepted per site.<strong> The walk must be done in the street by adults only and the dog must always be on a leash. Pets are not allowed in public places, swimming pool, beach, playground, sanitary block, reception, community hall, etc. Failure to comply with a regulation results in immediate expulsion without refund!<\/strong><\/li>\n<li>It is forbidden to smoke cigarettes in the buildings, swimming pool, pavilion and any common area and it is provided by law to respect a radius of 9 meters. It is also forbidden to smoke <strong>cannabis<\/strong> in the buildings, swimming pool, pavilion and all common areas.<\/li>\n<li>It is strictly forbidden to cut, damage, debark and damage the trees.<\/li>\n<li>It is strictly forbidden to move the fireplaces.<\/li>\n<li>No waste should be burned.<\/li>\n<li>Waste must be put in a tied bag and must be deposited in the containers provided for this purpose at the entrance to the campsite.<\/li>\n<li>It is strictly forbidden to wash your car and trailer.<\/li>\n<li>No trading or solicitation of any kind is tolerated unless special permission is granted.<\/li>\n<li>The owner assumes no responsibility for damage, theft, fire, etc.<\/li>\n<li>The owner and his representative reserve the right to expel, without compensation, any camper or visitor deemed undesirable or not complying with these regulations.<\/li>\n<li>The owner reserves the right to modify these rules and add new ones without notice.<\/li>\n<\/ul>\n<p>[\/vc_column_text][\/vc_column][\/vc_row]<\/p>\n<\/section>","protected":false},"excerpt":{"rendered":"<p>[vc_row css_animation=&#8221;&#8221; row_type=&#8221;row&#8221; use_row_as_full_screen_section=&#8221;no&#8221; type=&#8221;full_width&#8221; angled_section=&#8221;no&#8221; text_align=&#8221;left&#8221; background_image_as_pattern=&#8221;without_pattern&#8221; padding_top=&#8221;30&#8243; z_index=&#8221;&#8221;][vc_column][vc_column_text] Visitors Regulations [\/vc_column_text][vc_separator type=&#8221;small&#8221; position=&#8221;center&#8221;][\/vc_column][\/vc_row][vc_row css_animation=&#8221;&#8221; row_type=&#8221;row&#8221; use_row_as_full_screen_section=&#8221;no&#8221; type=&#8221;full_width&#8221; angled_section=&#8221;no&#8221; text_align=&#8221;left&#8221; background_image_as_pattern=&#8221;without_pattern&#8221; padding_top=&#8221;20&#8243; padding_bottom=&#8221;30&#8243; z_index=&#8221;&#8221;][vc_column][vc_column_text] The passerby agrees to comply with all regulations, without exception, and to have them respected by his family and his&#8230;<\/p>\n","protected":false},"author":1,"featured_media":0,"parent":0,"menu_order":0,"comment_status":"closed","ping_status":"closed","template":"","meta":{"footnotes":""},"class_list":["post-1479","page","type-page","status-publish","hentry"],"yoast_head":"<!-- This site is optimized with the Yoast SEO plugin v27.4 - https:\/\/yoast.com\/product\/yoast-seo-wordpress\/ -->\n<title>Regulations | Camping de l&#039;\u00e9t\u00e9<\/title>\n<meta name=\"description\" content=\"Camping de 178 sites en Mont\u00e9r\u00e9gie, \u00e0 proximit\u00e9 de St-Hyacinthe et de Granby. Sites pour saisonniers et visiteurs. Au plaisir de vous y accueillir!\" \/>\n<meta name=\"robots\" content=\"index, follow, max-snippet:-1, max-image-preview:large, max-video-preview:-1\" \/>\n<link rel=\"canonical\" href=\"https:\/\/campingdelete.com\/en\/regulations\/\" \/>\n<meta property=\"og:locale\" content=\"en_US\" \/>\n<meta property=\"og:type\" content=\"article\" \/>\n<meta property=\"og:title\" content=\"Regulations | Camping de l&#039;\u00e9t\u00e9\" \/>\n<meta property=\"og:description\" content=\"Camping de 178 sites en Mont\u00e9r\u00e9gie, \u00e0 proximit\u00e9 de St-Hyacinthe et de Granby. Sites pour saisonniers et visiteurs. Au plaisir de vous y accueillir!\" \/>\n<meta property=\"og:url\" content=\"https:\/\/campingdelete.com\/en\/regulations\/\" \/>\n<meta property=\"og:site_name\" content=\"Camping de l&#039;\u00e9t\u00e9\" \/>\n<meta property=\"article:modified_time\" content=\"2023-07-17T18:06:10+00:00\" \/>\n<meta property=\"og:image\" content=\"https:\/\/campingdelete.com\/wp-content\/uploads\/og-logo-camping-de-lete.png\" \/>\n\t<meta property=\"og:image:width\" content=\"1200\" \/>\n\t<meta property=\"og:image:height\" content=\"630\" \/>\n\t<meta property=\"og:image:type\" content=\"image\/png\" \/>\n<meta name=\"twitter:label1\" content=\"Est. reading time\" \/>\n\t<meta name=\"twitter:data1\" content=\"2 minutes\" \/>\n<script type=\"application\/ld+json\" class=\"yoast-schema-graph\">{\"@context\":\"https:\\\/\\\/schema.org\",\"@graph\":[{\"@type\":\"WebPage\",\"@id\":\"https:\\\/\\\/campingdelete.com\\\/en\\\/regulations\\\/\",\"url\":\"https:\\\/\\\/campingdelete.com\\\/en\\\/regulations\\\/\",\"name\":\"Regulations | Camping de l&#039;\u00e9t\u00e9\",\"isPartOf\":{\"@id\":\"https:\\\/\\\/campingdelete.com\\\/#website\"},\"datePublished\":\"2023-07-17T14:33:33+00:00\",\"dateModified\":\"2023-07-17T18:06:10+00:00\",\"description\":\"Camping de 178 sites en Mont\u00e9r\u00e9gie, \u00e0 proximit\u00e9 de St-Hyacinthe et de Granby. Sites pour saisonniers et visiteurs. Au plaisir de vous y accueillir!\",\"breadcrumb\":{\"@id\":\"https:\\\/\\\/campingdelete.com\\\/en\\\/regulations\\\/#breadcrumb\"},\"inLanguage\":\"en-CA\",\"potentialAction\":[{\"@type\":\"ReadAction\",\"target\":[\"https:\\\/\\\/campingdelete.com\\\/en\\\/regulations\\\/\"]}]},{\"@type\":\"BreadcrumbList\",\"@id\":\"https:\\\/\\\/campingdelete.com\\\/en\\\/regulations\\\/#breadcrumb\",\"itemListElement\":[{\"@type\":\"ListItem\",\"position\":1,\"name\":\"Accueil\",\"item\":\"https:\\\/\\\/campingdelete.com\\\/en\\\/\"},{\"@type\":\"ListItem\",\"position\":2,\"name\":\"Regulations\"}]},{\"@type\":\"WebSite\",\"@id\":\"https:\\\/\\\/campingdelete.com\\\/#website\",\"url\":\"https:\\\/\\\/campingdelete.com\\\/\",\"name\":\"Camping de l&#039;\u00e9t\u00e9\",\"description\":\"Camping situ\u00e9 a Saint-Hyacinthe\",\"publisher\":{\"@id\":\"https:\\\/\\\/campingdelete.com\\\/#organization\"},\"potentialAction\":[{\"@type\":\"SearchAction\",\"target\":{\"@type\":\"EntryPoint\",\"urlTemplate\":\"https:\\\/\\\/campingdelete.com\\\/?s={search_term_string}\"},\"query-input\":{\"@type\":\"PropertyValueSpecification\",\"valueRequired\":true,\"valueName\":\"search_term_string\"}}],\"inLanguage\":\"en-CA\"},{\"@type\":\"Organization\",\"@id\":\"https:\\\/\\\/campingdelete.com\\\/#organization\",\"name\":\"Camping de l'\u00e9t\u00e9\",\"url\":\"https:\\\/\\\/campingdelete.com\\\/\",\"logo\":{\"@type\":\"ImageObject\",\"inLanguage\":\"en-CA\",\"@id\":\"https:\\\/\\\/campingdelete.com\\\/#\\\/schema\\\/logo\\\/image\\\/\",\"url\":\"\",\"contentUrl\":\"\",\"caption\":\"Camping de l'\u00e9t\u00e9\"},\"image\":{\"@id\":\"https:\\\/\\\/campingdelete.com\\\/#\\\/schema\\\/logo\\\/image\\\/\"}}]}<\/script>\n<!-- \/ Yoast SEO plugin. -->","yoast_head_json":{"title":"Regulations | Camping de l&#039;\u00e9t\u00e9","description":"Camping de 178 sites en Mont\u00e9r\u00e9gie, \u00e0 proximit\u00e9 de St-Hyacinthe et de Granby. Sites pour saisonniers et visiteurs. Au plaisir de vous y accueillir!","robots":{"index":"index","follow":"follow","max-snippet":"max-snippet:-1","max-image-preview":"max-image-preview:large","max-video-preview":"max-video-preview:-1"},"canonical":"https:\/\/campingdelete.com\/en\/regulations\/","og_locale":"en_US","og_type":"article","og_title":"Regulations | Camping de l&#039;\u00e9t\u00e9","og_description":"Camping de 178 sites en Mont\u00e9r\u00e9gie, \u00e0 proximit\u00e9 de St-Hyacinthe et de Granby. Sites pour saisonniers et visiteurs. Au plaisir de vous y accueillir!","og_url":"https:\/\/campingdelete.com\/en\/regulations\/","og_site_name":"Camping de l&#039;\u00e9t\u00e9","article_modified_time":"2023-07-17T18:06:10+00:00","og_image":[{"width":1200,"height":630,"url":"https:\/\/campingdelete.com\/wp-content\/uploads\/og-logo-camping-de-lete.png","type":"image\/png"}],"twitter_misc":{"Est. reading time":"2 minutes"},"schema":{"@context":"https:\/\/schema.org","@graph":[{"@type":"WebPage","@id":"https:\/\/campingdelete.com\/en\/regulations\/","url":"https:\/\/campingdelete.com\/en\/regulations\/","name":"Regulations | Camping de l&#039;\u00e9t\u00e9","isPartOf":{"@id":"https:\/\/campingdelete.com\/#website"},"datePublished":"2023-07-17T14:33:33+00:00","dateModified":"2023-07-17T18:06:10+00:00","description":"Camping de 178 sites en Mont\u00e9r\u00e9gie, \u00e0 proximit\u00e9 de St-Hyacinthe et de Granby. Sites pour saisonniers et visiteurs. Au plaisir de vous y accueillir!","breadcrumb":{"@id":"https:\/\/campingdelete.com\/en\/regulations\/#breadcrumb"},"inLanguage":"en-CA","potentialAction":[{"@type":"ReadAction","target":["https:\/\/campingdelete.com\/en\/regulations\/"]}]},{"@type":"BreadcrumbList","@id":"https:\/\/campingdelete.com\/en\/regulations\/#breadcrumb","itemListElement":[{"@type":"ListItem","position":1,"name":"Accueil","item":"https:\/\/campingdelete.com\/en\/"},{"@type":"ListItem","position":2,"name":"Regulations"}]},{"@type":"WebSite","@id":"https:\/\/campingdelete.com\/#website","url":"https:\/\/campingdelete.com\/","name":"Camping de l&#039;\u00e9t\u00e9","description":"Camping situ\u00e9 a Saint-Hyacinthe","publisher":{"@id":"https:\/\/campingdelete.com\/#organization"},"potentialAction":[{"@type":"SearchAction","target":{"@type":"EntryPoint","urlTemplate":"https:\/\/campingdelete.com\/?s={search_term_string}"},"query-input":{"@type":"PropertyValueSpecification","valueRequired":true,"valueName":"search_term_string"}}],"inLanguage":"en-CA"},{"@type":"Organization","@id":"https:\/\/campingdelete.com\/#organization","name":"Camping de l'\u00e9t\u00e9","url":"https:\/\/campingdelete.com\/","logo":{"@type":"ImageObject","inLanguage":"en-CA","@id":"https:\/\/campingdelete.com\/#\/schema\/logo\/image\/","url":"","contentUrl":"","caption":"Camping de l'\u00e9t\u00e9"},"image":{"@id":"https:\/\/campingdelete.com\/#\/schema\/logo\/image\/"}}]}},"_links":{"self":[{"href":"https:\/\/campingdelete.com\/en\/wp-json\/wp\/v2\/pages\/1479","targetHints":{"allow":["GET"]}}],"collection":[{"href":"https:\/\/campingdelete.com\/en\/wp-json\/wp\/v2\/pages"}],"about":[{"href":"https:\/\/campingdelete.com\/en\/wp-json\/wp\/v2\/types\/page"}],"author":[{"embeddable":true,"href":"https:\/\/campingdelete.com\/en\/wp-json\/wp\/v2\/users\/1"}],"replies":[{"embeddable":true,"href":"https:\/\/campingdelete.com\/en\/wp-json\/wp\/v2\/comments?post=1479"}],"version-history":[{"count":3,"href":"https:\/\/campingdelete.com\/en\/wp-json\/wp\/v2\/pages\/1479\/revisions"}],"predecessor-version":[{"id":1501,"href":"https:\/\/campingdelete.com\/en\/wp-json\/wp\/v2\/pages\/1479\/revisions\/1501"}],"wp:attachment":[{"href":"https:\/\/campingdelete.com\/en\/wp-json\/wp\/v2\/media?parent=1479"}],"curies":[{"name":"wp","href":"https:\/\/api.w.org\/{rel}","templated":true}]}}