{"id":1481,"date":"2015-07-14T21:23:54","date_gmt":"2015-07-15T01:23:54","guid":{"rendered":"https:\/\/campingdelete.com\/?page_id=1481"},"modified":"2026-01-23T10:51:21","modified_gmt":"2026-01-23T15:51:21","slug":"calendar","status":"publish","type":"page","link":"https:\/\/campingdelete.com\/en\/calendar\/","title":{"rendered":"Calendar"},"content":{"rendered":"<section class=\"wpb-content-wrapper\"><p>[vc_row css_animation=&#8221;&#8221; row_type=&#8221;row&#8221; use_row_as_full_screen_section=&#8221;no&#8221; type=&#8221;full_width&#8221; angled_section=&#8221;no&#8221; text_align=&#8221;center&#8221; background_image_as_pattern=&#8221;without_pattern&#8221; padding_top=&#8221;30&#8243; z_index=&#8221;&#8221;][vc_column][vc_column_text]<\/p>\n<h1 style=\"text-align: center;\">Calendar 2026<\/h1>\n<p>[\/vc_column_text][vc_separator type=&#8221;small&#8221; position=&#8221;center&#8221;][vc_column_text]<\/p>\n<div class=\"wpb_text_column wpb_content_element \">\n<div class=\"wpb_wrapper\">\n<div class=\"wpb_text_column wpb_content_element \">\n<div class=\"wpb_wrapper\">\n<h2 style=\"text-align: center;\">Fun for all at the Camping de l\u2019\u00e9t\u00e9<\/h2>\n<\/div>\n<\/div>\n<\/div>\n<\/div>\n<p>[\/vc_column_text][vc_column_text]<\/p>\n<p style=\"text-align: center;\"><strong>Fridays<\/strong> at 7:30 PM (from June 19 to September 4) &#8211; <strong>Bingo<\/strong><br \/>\n<strong>Sundays<\/strong> at 7:00 PM (from June 14 to September 6 &#8211; Tournament on September 13) &#8211; <strong>Poker<\/strong><br \/>\n<strong>Saturdays<\/strong> at 10:00 AM &#8211; <strong>Corn Hole<\/strong><br \/>\n<strong>Sundays<\/strong> at 10:00 AM &#8211; <strong>Finnish Bowling<\/strong><\/p>\n<p style=\"text-align: center;\">Activities may change at any time.<\/p>\n<p>[\/vc_column_text][\/vc_column][\/vc_row][vc_row css_animation=&#8221;&#8221; row_type=&#8221;row&#8221; use_row_as_full_screen_section=&#8221;no&#8221; type=&#8221;full_width&#8221; angled_section=&#8221;no&#8221; text_align=&#8221;left&#8221; background_image_as_pattern=&#8221;without_pattern&#8221; padding_top=&#8221;30&#8243; z_index=&#8221;&#8221; padding_bottom=&#8221;30&#8243;][vc_column width=&#8221;1\/4&#8243; css=&#8221;.vc_custom_1576679408328{border-right-width: 10px !important;border-left-width: 10px !important;padding-top: 7% !important;padding-right: 7% !important;padding-bottom: 7% !important;padding-left: 7% !important;background-color: #ffffff !important;border-left-color: #f7f7f7 !important;border-left-style: solid !important;border-right-color: #f7f7f7 !important;border-right-style: solid !important;border-radius: 1px !important;}&#8221; el_class=&#8221;box-grey&#8221;]<div class='q_icon_with_title small normal_icon left_from_title '><div class=\"icon_text_holder\" style=\"\"><div class=\"icon_text_inner\" style=\"\"><div class=\"icon_title_holder\"><div class=\"icon_holder \" style=\" \"><span data-icon-type=\"normal\"   style=\"\" class=\"qode_iwt_icon_holder q_font_awsome_icon fa-2x  \"><i class=\"qode_icon_font_awesome fa fa-calendar qode_iwt_icon_element\" style=\"\" ><\/i><\/span><\/div><h3 class=\"icon_title\" style=\"font-weight: 400;\">June<\/h3><\/div><p style=''><\/p><\/div><\/div><\/div>[vc_column_text]<\/p>\n<h4>June 12<\/h4>\n<p>Bingo 7:30 PM<br \/>\nToast, Coffee 7:30 PM<\/p>\n<h4>June 13<\/h4>\n<p>Corn Hole 10:00 AM<\/p>\n<h4>June 14<\/h4>\n<p>Finnish Bowling 10:00 AM<br \/>\nPoker 7:00 PM<\/p>\n<h4>June 19<\/h4>\n<p>Bingo 7:30 PM<br \/>\nToast, Coffee 7:30 PM<\/p>\n<h4>June 20<\/h4>\n<p>St-Jean-Baptiste<br \/>\nCorn Hole 10:00 AM<br \/>\nShow Antoine Vrana 8:00 PM<\/p>\n<h4>June 21<\/h4>\n<p>Finnish Bowling 10:00 AM<br \/>\nPoker 7:00 PM<\/p>\n<h4>June 26<\/h4>\n<p>Bingo 7:30 PM<br \/>\nToast, Coffee 7:30 PM<\/p>\n<h4>June 27<\/h4>\n<p>Canada Day<br \/>\nCorn Hole 10:00 AM<br \/>\nMusic with Maurice 20:00 PM<\/p>\n<h4>June 28<\/h4>\n<p>Finnish Bowling 10:00 AM<br \/>\nPoker 7:00 PM[\/vc_column_text][\/vc_column][vc_column width=&#8221;1\/4&#8243; css=&#8221;.vc_custom_1576679412440{border-right-width: 10px !important;border-left-width: 10px !important;padding-top: 7% !important;padding-right: 7% !important;padding-bottom: 7% !important;padding-left: 7% !important;background-color: #ffffff !important;border-left-color: #f7f7f7 !important;border-left-style: solid !important;border-right-color: #f7f7f7 !important;border-right-style: solid !important;border-radius: 1px !important;}&#8221; el_class=&#8221;box-grey&#8221;]<div class='q_icon_with_title small normal_icon left_from_title '><div class=\"icon_text_holder\" style=\"\"><div class=\"icon_text_inner\" style=\"\"><div class=\"icon_title_holder\"><div class=\"icon_holder \" style=\" \"><span data-icon-type=\"normal\"   style=\"\" class=\"qode_iwt_icon_holder q_font_awsome_icon fa-2x  \"><i class=\"qode_icon_font_awesome fa fa-calendar qode_iwt_icon_element\" style=\"\" ><\/i><\/span><\/div><h3 class=\"icon_title\" style=\"font-weight: 400;\">July<\/h3><\/div><p style=''><\/p><\/div><\/div><\/div>[vc_column_text]<\/p>\n<h4>July 3<\/h4>\n<p>Bingo 7:30 PM<br \/>\nToast, Coffee 7:30 PM<\/p>\n<h4>July 4<\/h4>\n<p>Corn Hole 10:00 AM<br \/>\nPhoto Rallye 10:00 AM to 4:00 PM<\/p>\n<h4>July 5<\/h4>\n<p>Finnish Bowling 10:00 AM<br \/>\nPoker 7:00 PM<\/p>\n<h4>July 10<\/h4>\n<p>Bingo 7:30 PM<br \/>\nToast, Coffee 7:30 PM<\/p>\n<h4>July 11<\/h4>\n<p>Corn Hole 10:00 AM<br \/>\nLa Poule<\/p>\n<h4>July 12<\/h4>\n<p>Finnish Bowling 10:00 AM<br \/>\nPoker 7:00 PM<\/p>\n<h4>July 17<\/h4>\n<p>Bingo 7:30 PM<br \/>\nToast, Coffee 7:30 PM<\/p>\n<h4>July 18<\/h4>\n<p>Corn Hole 10:00 AM<br \/>\nChinese Auction<br \/>\nWar of the Clans<\/p>\n<h4>July 19<\/h4>\n<p>Finnish Bowling 10:00 AM<br \/>\nPoker 7:00 PM<\/p>\n<h4>July 24<\/h4>\n<p>Bingo 7:30 PM<br \/>\nToast, Coffee 7:30 PM<\/p>\n<h4>July 25<\/h4>\n<p>Corn Hole 10:00 AM<br \/>\nCamper\u2019s Christmas in the afternoon<br \/>\nMusic<\/p>\n<h4>July 26<\/h4>\n<p>Finnish Bowling 10:00 AM<br \/>\nPoker 7:00 PM<\/p>\n<h4>July 31<\/h4>\n<p>Bingo 7:30 PM<br \/>\nToast, Coffee 7:30 PM[\/vc_column_text][\/vc_column][vc_column width=&#8221;1\/4&#8243; css=&#8221;.vc_custom_1576679416319{border-right-width: 10px !important;border-left-width: 10px !important;padding-top: 7% !important;padding-right: 7% !important;padding-bottom: 7% !important;padding-left: 7% !important;background-color: #ffffff !important;border-left-color: #f7f7f7 !important;border-left-style: solid !important;border-right-color: #f7f7f7 !important;border-right-style: solid !important;border-radius: 1px !important;}&#8221; el_class=&#8221;box-grey&#8221;]<div class='q_icon_with_title small normal_icon left_from_title '><div class=\"icon_text_holder\" style=\"\"><div class=\"icon_text_inner\" style=\"\"><div class=\"icon_title_holder\"><div class=\"icon_holder \" style=\" \"><span data-icon-type=\"normal\"   style=\"\" class=\"qode_iwt_icon_holder q_font_awsome_icon fa-2x  \"><i class=\"qode_icon_font_awesome fa fa-calendar qode_iwt_icon_element\" style=\"\" ><\/i><\/span><\/div><h3 class=\"icon_title\" style=\"font-weight: 400;\">August<\/h3><\/div><p style=''><\/p><\/div><\/div><\/div>[vc_column_text]<\/p>\n<h4>August 1<\/h4>\n<p>Corn Hole 10:00 AM<br \/>\nOlympiad<\/p>\n<h4>August 2<\/h4>\n<p>Finnish Bowling 10:00 AM<br \/>\nPoker 7:00 PM<\/p>\n<h4>August 7<\/h4>\n<p>Bingo 7:30 PM<br \/>\nToast, Coffee 7:30 PM<\/p>\n<h4>August 8<\/h4>\n<p>Corn Hole 10:00 AM<br \/>\nMusic<\/p>\n<h4>August 9<\/h4>\n<p>Finnish Bowling 10:00 AM<br \/>\nPoker 7:00 PM<\/p>\n<h4>August 14<\/h4>\n<p>Bingo 7:30 PM<br \/>\nToast, Coffee 7:30 PM<\/p>\n<h4>August 15<\/h4>\n<p>Corn Hole 10:00 AM<br \/>\nCorn-husking party<br \/>\nMagician David Jomphe 8:00 PM<\/p>\n<h4>August 16<\/h4>\n<p>Finnish Bowling 10:00 AM<br \/>\nPoker 7:00 PM<\/p>\n<h4>August 21<\/h4>\n<p>Bingo 7:30 PM<br \/>\nToast, Coffee 7:30 PM<\/p>\n<h4>August 22<\/h4>\n<p>Corn Hole 10:00 AM<br \/>\nHalloween<br \/>\nCandy Collection<br \/>\nCostumes<br \/>\nMusic 8:00 PM<\/p>\n<h4>August 23<\/h4>\n<p>Finnish Bowling 10:00 AM<br \/>\nPoker 7:00 PM<\/p>\n<h4>August 28<\/h4>\n<p>Bingo 7:30 PM<br \/>\nToast, Coffee 7:30 PM<\/p>\n<h4>August 29<\/h4>\n<p>Corn Hole 10:00 AM<br \/>\nMusic<\/p>\n<h4>August 30<\/h4>\n<p>Finnish Bowling 10:00 AM<br \/>\nPoker 7:00 PM[\/vc_column_text][\/vc_column][vc_column width=&#8221;1\/4&#8243; el_class=&#8221;box-grey&#8221; css=&#8221;.vc_custom_1675779653920{padding-top: 7% !important;padding-right: 7% !important;padding-bottom: 7% !important;padding-left: 7% !important;background-color: #ffffff !important;}&#8221;]<div class='q_icon_with_title small normal_icon left_from_title '><div class=\"icon_text_holder\" style=\"\"><div class=\"icon_text_inner\" style=\"\"><div class=\"icon_title_holder\"><div class=\"icon_holder \" style=\" \"><span data-icon-type=\"normal\"   style=\"\" class=\"qode_iwt_icon_holder q_font_awsome_icon fa-2x  \"><i class=\"qode_icon_font_awesome fa fa-calendar qode_iwt_icon_element\" style=\"\" ><\/i><\/span><\/div><h3 class=\"icon_title\" style=\"font-weight: 400;\">September<\/h3><\/div><p style=''><\/p><\/div><\/div><\/div>[vc_column_text]<\/p>\n<h4>September 4<\/h4>\n<p>Bingo 7:30 PM<br \/>\nToast, Coffee 7:30 PM<\/p>\n<h4>September 5<\/h4>\n<p>Labor Day<br \/>\nP\u00e9tanque Tournament 1:00 PM<br \/>\nShow with Bruno Delorme 8:00 PM<\/p>\n<h4>September 6<\/h4>\n<p>Finnish Bowling Tournament 1:00 PM<br \/>\nBrunch 9:00 AM to 1:00 PM<br \/>\nPoker 7:00 PM<\/p>\n<h4>September 13<\/h4>\n<p>Poker Tournament[\/vc_column_text][\/vc_column][\/vc_row]<\/p>\n<\/section>","protected":false},"excerpt":{"rendered":"<p>[vc_row css_animation=&#8221;&#8221; row_type=&#8221;row&#8221; use_row_as_full_screen_section=&#8221;no&#8221; type=&#8221;full_width&#8221; angled_section=&#8221;no&#8221; text_align=&#8221;center&#8221; background_image_as_pattern=&#8221;without_pattern&#8221; padding_top=&#8221;30&#8243; z_index=&#8221;&#8221;][vc_column][vc_column_text] Calendar 2026 [\/vc_column_text][vc_separator type=&#8221;small&#8221; position=&#8221;center&#8221;][vc_column_text] Fun for all at the Camping de l\u2019\u00e9t\u00e9 [\/vc_column_text][vc_column_text] Fridays at 7:30 PM (from June 19 to September 4) &#8211; Bingo Sundays at 7:00 PM (from June 14 to September&#8230;<\/p>\n","protected":false},"author":1,"featured_media":0,"parent":0,"menu_order":0,"comment_status":"closed","ping_status":"closed","template":"","meta":{"footnotes":""},"class_list":["post-1481","page","type-page","status-publish","hentry"],"yoast_head":"<!-- This site is optimized with the Yoast SEO plugin v27.2 - https:\/\/yoast.com\/product\/yoast-seo-wordpress\/ -->\n<title>Calendar | Camping de l&#039;\u00e9t\u00e9<\/title>\n<meta name=\"description\" content=\"Camping de 178 sites en Mont\u00e9r\u00e9gie, \u00e0 proximit\u00e9 de St-Hyacinthe et de Granby. Sites pour saisonniers et visiteurs. Au plaisir de vous y accueillir!\" \/>\n<meta name=\"robots\" content=\"index, follow, max-snippet:-1, max-image-preview:large, max-video-preview:-1\" \/>\n<link rel=\"canonical\" href=\"https:\/\/campingdelete.com\/en\/calendar\/\" \/>\n<meta property=\"og:locale\" content=\"en_US\" \/>\n<meta property=\"og:type\" content=\"article\" \/>\n<meta property=\"og:title\" content=\"Calendar | Camping de l&#039;\u00e9t\u00e9\" \/>\n<meta property=\"og:description\" content=\"Camping de 178 sites en Mont\u00e9r\u00e9gie, \u00e0 proximit\u00e9 de St-Hyacinthe et de Granby. Sites pour saisonniers et visiteurs. Au plaisir de vous y accueillir!\" \/>\n<meta property=\"og:url\" content=\"https:\/\/campingdelete.com\/en\/calendar\/\" \/>\n<meta property=\"og:site_name\" content=\"Camping de l&#039;\u00e9t\u00e9\" \/>\n<meta property=\"article:modified_time\" content=\"2026-01-23T15:51:21+00:00\" \/>\n<meta property=\"og:image\" content=\"https:\/\/campingdelete.com\/wp-content\/uploads\/og-logo-camping-de-lete.png\" \/>\n\t<meta property=\"og:image:width\" content=\"1200\" \/>\n\t<meta property=\"og:image:height\" content=\"630\" \/>\n\t<meta property=\"og:image:type\" content=\"image\/png\" \/>\n<meta name=\"twitter:label1\" content=\"Est. reading time\" \/>\n\t<meta name=\"twitter:data1\" content=\"4 minutes\" \/>\n<script type=\"application\/ld+json\" class=\"yoast-schema-graph\">{\"@context\":\"https:\/\/schema.org\",\"@graph\":[{\"@type\":\"WebPage\",\"@id\":\"https:\/\/campingdelete.com\/en\/calendar\/\",\"url\":\"https:\/\/campingdelete.com\/en\/calendar\/\",\"name\":\"Calendar | Camping de l&#039;\u00e9t\u00e9\",\"isPartOf\":{\"@id\":\"https:\/\/campingdelete.com\/#website\"},\"datePublished\":\"2015-07-15T01:23:54+00:00\",\"dateModified\":\"2026-01-23T15:51:21+00:00\",\"description\":\"Camping de 178 sites en Mont\u00e9r\u00e9gie, \u00e0 proximit\u00e9 de St-Hyacinthe et de Granby. Sites pour saisonniers et visiteurs. Au plaisir de vous y accueillir!\",\"breadcrumb\":{\"@id\":\"https:\/\/campingdelete.com\/en\/calendar\/#breadcrumb\"},\"inLanguage\":\"en-CA\",\"potentialAction\":[{\"@type\":\"ReadAction\",\"target\":[\"https:\/\/campingdelete.com\/en\/calendar\/\"]}]},{\"@type\":\"BreadcrumbList\",\"@id\":\"https:\/\/campingdelete.com\/en\/calendar\/#breadcrumb\",\"itemListElement\":[{\"@type\":\"ListItem\",\"position\":1,\"name\":\"Accueil\",\"item\":\"https:\/\/campingdelete.com\/en\/\"},{\"@type\":\"ListItem\",\"position\":2,\"name\":\"Calendar\"}]},{\"@type\":\"WebSite\",\"@id\":\"https:\/\/campingdelete.com\/#website\",\"url\":\"https:\/\/campingdelete.com\/\",\"name\":\"Camping de l&#039;\u00e9t\u00e9\",\"description\":\"Camping situ\u00e9 a Saint-Hyacinthe\",\"publisher\":{\"@id\":\"https:\/\/campingdelete.com\/#organization\"},\"potentialAction\":[{\"@type\":\"SearchAction\",\"target\":{\"@type\":\"EntryPoint\",\"urlTemplate\":\"https:\/\/campingdelete.com\/?s={search_term_string}\"},\"query-input\":{\"@type\":\"PropertyValueSpecification\",\"valueRequired\":true,\"valueName\":\"search_term_string\"}}],\"inLanguage\":\"en-CA\"},{\"@type\":\"Organization\",\"@id\":\"https:\/\/campingdelete.com\/#organization\",\"name\":\"Camping de l'\u00e9t\u00e9\",\"url\":\"https:\/\/campingdelete.com\/\",\"logo\":{\"@type\":\"ImageObject\",\"inLanguage\":\"en-CA\",\"@id\":\"https:\/\/campingdelete.com\/#\/schema\/logo\/image\/\",\"url\":\"\",\"contentUrl\":\"\",\"caption\":\"Camping de l'\u00e9t\u00e9\"},\"image\":{\"@id\":\"https:\/\/campingdelete.com\/#\/schema\/logo\/image\/\"}}]}<\/script>\n<!-- \/ Yoast SEO plugin. -->","yoast_head_json":{"title":"Calendar | Camping de l&#039;\u00e9t\u00e9","description":"Camping de 178 sites en Mont\u00e9r\u00e9gie, \u00e0 proximit\u00e9 de St-Hyacinthe et de Granby. Sites pour saisonniers et visiteurs. Au plaisir de vous y accueillir!","robots":{"index":"index","follow":"follow","max-snippet":"max-snippet:-1","max-image-preview":"max-image-preview:large","max-video-preview":"max-video-preview:-1"},"canonical":"https:\/\/campingdelete.com\/en\/calendar\/","og_locale":"en_US","og_type":"article","og_title":"Calendar | Camping de l&#039;\u00e9t\u00e9","og_description":"Camping de 178 sites en Mont\u00e9r\u00e9gie, \u00e0 proximit\u00e9 de St-Hyacinthe et de Granby. Sites pour saisonniers et visiteurs. Au plaisir de vous y accueillir!","og_url":"https:\/\/campingdelete.com\/en\/calendar\/","og_site_name":"Camping de l&#039;\u00e9t\u00e9","article_modified_time":"2026-01-23T15:51:21+00:00","og_image":[{"width":1200,"height":630,"url":"https:\/\/campingdelete.com\/wp-content\/uploads\/og-logo-camping-de-lete.png","type":"image\/png"}],"twitter_misc":{"Est. reading time":"4 minutes"},"schema":{"@context":"https:\/\/schema.org","@graph":[{"@type":"WebPage","@id":"https:\/\/campingdelete.com\/en\/calendar\/","url":"https:\/\/campingdelete.com\/en\/calendar\/","name":"Calendar | Camping de l&#039;\u00e9t\u00e9","isPartOf":{"@id":"https:\/\/campingdelete.com\/#website"},"datePublished":"2015-07-15T01:23:54+00:00","dateModified":"2026-01-23T15:51:21+00:00","description":"Camping de 178 sites en Mont\u00e9r\u00e9gie, \u00e0 proximit\u00e9 de St-Hyacinthe et de Granby. Sites pour saisonniers et visiteurs. Au plaisir de vous y accueillir!","breadcrumb":{"@id":"https:\/\/campingdelete.com\/en\/calendar\/#breadcrumb"},"inLanguage":"en-CA","potentialAction":[{"@type":"ReadAction","target":["https:\/\/campingdelete.com\/en\/calendar\/"]}]},{"@type":"BreadcrumbList","@id":"https:\/\/campingdelete.com\/en\/calendar\/#breadcrumb","itemListElement":[{"@type":"ListItem","position":1,"name":"Accueil","item":"https:\/\/campingdelete.com\/en\/"},{"@type":"ListItem","position":2,"name":"Calendar"}]},{"@type":"WebSite","@id":"https:\/\/campingdelete.com\/#website","url":"https:\/\/campingdelete.com\/","name":"Camping de l&#039;\u00e9t\u00e9","description":"Camping situ\u00e9 a Saint-Hyacinthe","publisher":{"@id":"https:\/\/campingdelete.com\/#organization"},"potentialAction":[{"@type":"SearchAction","target":{"@type":"EntryPoint","urlTemplate":"https:\/\/campingdelete.com\/?s={search_term_string}"},"query-input":{"@type":"PropertyValueSpecification","valueRequired":true,"valueName":"search_term_string"}}],"inLanguage":"en-CA"},{"@type":"Organization","@id":"https:\/\/campingdelete.com\/#organization","name":"Camping de l'\u00e9t\u00e9","url":"https:\/\/campingdelete.com\/","logo":{"@type":"ImageObject","inLanguage":"en-CA","@id":"https:\/\/campingdelete.com\/#\/schema\/logo\/image\/","url":"","contentUrl":"","caption":"Camping de l'\u00e9t\u00e9"},"image":{"@id":"https:\/\/campingdelete.com\/#\/schema\/logo\/image\/"}}]}},"_links":{"self":[{"href":"https:\/\/campingdelete.com\/en\/wp-json\/wp\/v2\/pages\/1481","targetHints":{"allow":["GET"]}}],"collection":[{"href":"https:\/\/campingdelete.com\/en\/wp-json\/wp\/v2\/pages"}],"about":[{"href":"https:\/\/campingdelete.com\/en\/wp-json\/wp\/v2\/types\/page"}],"author":[{"embeddable":true,"href":"https:\/\/campingdelete.com\/en\/wp-json\/wp\/v2\/users\/1"}],"replies":[{"embeddable":true,"href":"https:\/\/campingdelete.com\/en\/wp-json\/wp\/v2\/comments?post=1481"}],"version-history":[{"count":4,"href":"https:\/\/campingdelete.com\/en\/wp-json\/wp\/v2\/pages\/1481\/revisions"}],"predecessor-version":[{"id":1787,"href":"https:\/\/campingdelete.com\/en\/wp-json\/wp\/v2\/pages\/1481\/revisions\/1787"}],"wp:attachment":[{"href":"https:\/\/campingdelete.com\/en\/wp-json\/wp\/v2\/media?parent=1481"}],"curies":[{"name":"wp","href":"https:\/\/api.w.org\/{rel}","templated":true}]}}